{"id":1402,"date":"2023-01-02T11:57:25","date_gmt":"2023-01-02T11:57:25","guid":{"rendered":"https:\/\/xn--micagarciamuoz-1nb.com.ar\/wpmosquitoes\/contact\/"},"modified":"2023-09-26T15:31:17","modified_gmt":"2023-09-26T15:31:17","slug":"contact","status":"publish","type":"page","link":"https:\/\/subdominio.test.mosquitoesolution.com\/es\/contact\/","title":{"rendered":"Contacto"},"content":{"rendered":"\n<div class=\"wp-block-uagb-container uagb-block-6e5191cf alignfull uagb-is-root-container\"><div class=\"uagb-container-inner-blocks-wrap\">\n<div class=\"wp-block-uagb-advanced-heading uagb-block-bd5bf5cd\"><h1 class=\"uagb-heading-text\">Cont\u00e1ctanos<\/h1><\/div>\n<\/div><\/div>\n\n\n\n<div class=\"wp-block-uagb-container uagb-block-eec5881b alignfull uagb-is-root-container\"><div class=\"uagb-container-inner-blocks-wrap\">\n<div class=\"wp-block-uagb-container uagb-block-9cd7e1ab\">\n<div class=\"wp-block-uagb-advanced-heading uagb-block-6151e039\"><h3 class=\"uagb-heading-text\">Nuestra oficina<\/h3><\/div>\n\n\n\n<div class=\"wp-block-uagb-advanced-heading uagb-block-d0132097\"><h2 class=\"uagb-heading-text\">Mallorca<\/h2><div class=\"uagb-separator\"><\/div><\/div>\n\n\n\n<div class=\"wp-block-uagb-advanced-heading uagb-block-faae1c8b\"><h6 class=\"uagb-heading-text\">Islas Baleares<\/h6><\/div>\n\n\n\n<div class=\"wp-block-uagb-advanced-heading uagb-block-2af9b607\"><h6 class=\"uagb-heading-text\"><a rel=\"noreferrer noopener\" href=\"https:\/\/wa.me\/34623162607\" data-type=\"URL\" data-id=\"https:\/\/wa.me\/34623162607\" target=\"_blank\">+34 623 16 26 07<\/a><\/h6><\/div>\n\n\n\n<div class=\"wp-block-uagb-image uagb-block-34ba2a98 wp-block-uagb-image--layout-default wp-block-uagb-image--effect-static wp-block-uagb-image--align-none\"><figure class=\"wp-block-uagb-image__figure\"><img decoding=\"async\" srcset=\"http:\/\/subdominio.test.mosquitoesolution.com\/wp-content\/uploads\/2023\/05\/Mallorca-1024x576.jpeg \" sizes=\"auto, (max-width: 480px) 150px\" src=\"http:\/\/subdominio.test.mosquitoesolution.com\/wp-content\/uploads\/2023\/05\/Mallorca-1024x576.jpeg\" alt=\"\" class=\"uag-image-1847\" width=\"1134\" height=\"638\" title=\"\" loading=\"lazy\"\/><\/figure><\/div>\n<\/div>\n<\/div><\/div>\n\n\n\n<div class=\"wp-block-uagb-container uag-blocks-common-selector uagb-block-08070a1d alignfull uagb-is-root-container\"><div class=\"uagb-container-inner-blocks-wrap\">\n<div class=\"wp-block-uagb-container uagb-block-f226f14f\">\n<div class=\"wp-block-uagb-advanced-heading uagb-block-f30bc14b\"><h3 class=\"uagb-heading-text\">Solicite cotizaci\u00f3n hoy<\/h3><\/div>\n\n\n\n<div class=\"wp-block-uagb-container uagb-block-9feaf78b\">\n<div class=\"wp-block-uagb-container uagb-block-07267321\">\n<div class=\"wp-block-uagb-advanced-heading uagb-block-7d339c23\"><h4 class=\"uagb-heading-text\">Llegue a nosotros<\/h4><\/div>\n\n\n\n<div class=\"wp-block-uagb-advanced-heading uagb-block-39b29710\"><h6 class=\"uagb-heading-text\">Email :<\/h6><p class=\"uagb-desc-text\">info@mosquitoesolution.com<\/p><\/div>\n\n\n\n<div class=\"wp-block-uagb-advanced-heading uagb-block-6eb689f6\"><h6 class=\"uagb-heading-text\">Tel\u00e9fonos:<\/h6><p class=\"uagb-desc-text\"><a rel=\"noreferrer noopener\" href=\"https:\/\/wa.me\/34623162607\" data-type=\"URL\" data-id=\"https:\/\/wa.me\/34623162607\" target=\"_blank\">+34 623 16 26 07<\/a><\/p><\/div>\n<\/div>\n\n\n\n<div class=\"wp-block-uagb-container uagb-block-c12a99c0\"><div class=\"wpforms-container wpforms-block wpforms-block-7dd26f2c-9b20-44db-a19f-0cb7243cdd4f\" id=\"wpforms-2194\"><form id=\"wpforms-form-2194\" class=\"wpforms-validate wpforms-form\" data-formid=\"2194\" method=\"post\" enctype=\"multipart\/form-data\" action=\"\/es\/wp-json\/wp\/v2\/pages\/1402\" data-token=\"bd4112c8e44a0332cb72d25ff06a539f\" data-token-time=\"1777790381\"><noscript class=\"wpforms-error-noscript\">Por favor, activa JavaScript en tu navegador para completar este formulario.<\/noscript><div class=\"wpforms-field-container\"><div id=\"wpforms-2194-field_1-container\" class=\"wpforms-field wpforms-field-name\" data-field-id=\"1\"><label class=\"wpforms-field-label wpforms-label-hide\" for=\"wpforms-2194-field_1\">Nombre  <span class=\"wpforms-required-label\">*<\/span><\/label><div class=\"wpforms-field-row wpforms-field-large\"><div class=\"wpforms-field-row-block wpforms-first wpforms-one-half\"><input type=\"text\" id=\"wpforms-2194-field_1\" class=\"wpforms-field-name-first wpforms-field-required\" name=\"wpforms[fields][1][first]\" placeholder=\"Tu nombre\" required><label for=\"wpforms-2194-field_1\" class=\"wpforms-field-sublabel after wpforms-sublabel-hide\">Nombre<\/label><\/div><div class=\"wpforms-field-row-block wpforms-one-half\"><input type=\"text\" id=\"wpforms-2194-field_1-last\" class=\"wpforms-field-name-last wpforms-field-required\" name=\"wpforms[fields][1][last]\" placeholder=\"Tu apellido\" required><label for=\"wpforms-2194-field_1-last\" class=\"wpforms-field-sublabel after wpforms-sublabel-hide\">Apellidos<\/label><\/div><\/div><\/div><div id=\"wpforms-2194-field_6-container\" class=\"wpforms-field wpforms-field-email\" data-field-id=\"6\"><label class=\"wpforms-field-label wpforms-label-hide\" for=\"wpforms-2194-field_6\">Email <span class=\"wpforms-required-label\">*<\/span><\/label><input type=\"email\" id=\"wpforms-2194-field_6\" class=\"wpforms-field-large wpforms-field-required\" name=\"wpforms[fields][6]\" placeholder=\"Tu email\" spellcheck=\"false\" required><\/div><div id=\"wpforms-2194-field_2-container\" class=\"wpforms-field wpforms-field-number\" data-field-id=\"2\"><label class=\"wpforms-field-label wpforms-label-hide\" for=\"wpforms-2194-field_2\">Tel\u00e9fonos<\/label><input type=\"number\" id=\"wpforms-2194-field_2\" class=\"wpforms-field-large\" name=\"wpforms[fields][2]\" placeholder=\"N\u00famero de contacto\" step=\"any\" ><\/div><div id=\"wpforms-2194-field_3-container\" class=\"wpforms-field wpforms-field-text\" data-field-id=\"3\"><label class=\"wpforms-field-label wpforms-label-hide\" for=\"wpforms-2194-field_3\">Asunto <span class=\"wpforms-required-label\">*<\/span><\/label><input type=\"text\" id=\"wpforms-2194-field_3\" class=\"wpforms-field-large wpforms-field-required\" name=\"wpforms[fields][3]\" placeholder=\"Texto de una l\u00ednea\" required><\/div><div id=\"wpforms-2194-field_4-container\" class=\"wpforms-field wpforms-field-textarea\" data-field-id=\"4\"><label class=\"wpforms-field-label wpforms-label-hide\" for=\"wpforms-2194-field_4\">Texto <span class=\"wpforms-required-label\">*<\/span><\/label><textarea id=\"wpforms-2194-field_4\" class=\"wpforms-field-medium wpforms-field-required\" name=\"wpforms[fields][4]\" placeholder=\"Tu mensaje\" required><\/textarea><\/div><\/div><!-- .wpforms-field-container --><div class=\"wpforms-submit-container\" ><input type=\"hidden\" name=\"wpforms[id]\" value=\"2194\"><input type=\"hidden\" name=\"page_title\" value=\"\"><input type=\"hidden\" name=\"page_url\" value=\"https:\/\/subdominio.test.mosquitoesolution.com\/es\/wp-json\/wp\/v2\/pages\/1402\"><input type=\"hidden\" name=\"url_referer\" value=\"\"><button type=\"submit\" name=\"wpforms[submit]\" id=\"wpforms-submit-2194\" class=\"wpforms-submit\" data-alt-text=\"Enviando...\" data-submit-text=\"Enviar\" aria-live=\"assertive\" value=\"wpforms-submit\">Enviar<\/button><\/div><\/form><\/div>  <!-- .wpforms-container --><\/div>\n<\/div>\n<\/div>\n<\/div><\/div>\n","protected":false},"excerpt":{"rendered":"<p>Cont\u00e1ctanos Nuestra oficina Mallorca Islas Baleares +34 623 16 26 07 Solicite cotizaci\u00f3n hoy Llegue a nosotros Email : info@mosquitoesolution.com Tel\u00e9fonos: +34 623 16 26 07<\/p>\n","protected":false},"author":2,"featured_media":0,"parent":0,"menu_order":0,"comment_status":"closed","ping_status":"closed","template":"","meta":{"_uag_custom_page_level_css":"","site-sidebar-layout":"default","site-content-layout":"page-builder","ast-site-content-layout":"full-width-container","site-content-style":"unboxed","site-sidebar-style":"unboxed","ast-global-header-display":"","ast-banner-title-visibility":"","ast-main-header-display":"","ast-hfb-above-header-display":"","ast-hfb-below-header-display":"","ast-hfb-mobile-header-display":"","site-post-title":"disabled","ast-breadcrumbs-content":"","ast-featured-img":"","footer-sml-layout":"","theme-transparent-header-meta":"","adv-header-id-meta":"","stick-header-meta":"","header-above-stick-meta":"","header-main-stick-meta":"","header-below-stick-meta":"","astra-migrate-meta-layouts":"set","footnotes":""},"class_list":["post-1402","page","type-page","status-publish","hentry"],"uagb_featured_image_src":{"full":false,"thumbnail":false,"medium":false,"medium_large":false,"large":false,"1536x1536":false,"2048x2048":false},"uagb_author_info":{"display_name":"micaelag","author_link":"https:\/\/subdominio.test.mosquitoesolution.com\/es\/author\/micaelag\/"},"uagb_comment_info":0,"uagb_excerpt":"Cont\u00e1ctanos Nuestra oficina Mallorca Islas Baleares +34 623 16 26 07 Solicite cotizaci\u00f3n hoy Llegue a nosotros Email : info@mosquitoesolution.com Tel\u00e9fonos: +34 623 16 26 07","_links":{"self":[{"href":"https:\/\/subdominio.test.mosquitoesolution.com\/es\/wp-json\/wp\/v2\/pages\/1402","targetHints":{"allow":["GET"]}}],"collection":[{"href":"https:\/\/subdominio.test.mosquitoesolution.com\/es\/wp-json\/wp\/v2\/pages"}],"about":[{"href":"https:\/\/subdominio.test.mosquitoesolution.com\/es\/wp-json\/wp\/v2\/types\/page"}],"author":[{"embeddable":true,"href":"https:\/\/subdominio.test.mosquitoesolution.com\/es\/wp-json\/wp\/v2\/users\/2"}],"replies":[{"embeddable":true,"href":"https:\/\/subdominio.test.mosquitoesolution.com\/es\/wp-json\/wp\/v2\/comments?post=1402"}],"version-history":[{"count":12,"href":"https:\/\/subdominio.test.mosquitoesolution.com\/es\/wp-json\/wp\/v2\/pages\/1402\/revisions"}],"predecessor-version":[{"id":2304,"href":"https:\/\/subdominio.test.mosquitoesolution.com\/es\/wp-json\/wp\/v2\/pages\/1402\/revisions\/2304"}],"wp:attachment":[{"href":"https:\/\/subdominio.test.mosquitoesolution.com\/es\/wp-json\/wp\/v2\/media?parent=1402"}],"curies":[{"name":"wp","href":"https:\/\/api.w.org\/{rel}","templated":true}]}}