{"id":1400,"date":"2023-01-02T11:57:25","date_gmt":"2023-01-02T11:57:25","guid":{"rendered":"https:\/\/xn--micagarciamuoz-1nb.com.ar\/wpmosquitoes\/services\/"},"modified":"2023-09-26T15:33:42","modified_gmt":"2023-09-26T15:33:42","slug":"services","status":"publish","type":"page","link":"https:\/\/subdominio.test.mosquitoesolution.com\/es\/services\/","title":{"rendered":"Servicios"},"content":{"rendered":"\n<div class=\"wp-block-uagb-container uagb-block-5940910d alignfull uagb-is-root-container\"><div class=\"uagb-container-inner-blocks-wrap\">\n<div class=\"wp-block-uagb-advanced-heading uagb-block-586e272a\"><h1 class=\"uagb-heading-text\">Servicios<\/h1><\/div>\n<\/div><\/div>\n\n\n\n<div class=\"wp-block-uagb-container uagb-block-4d7fd914 alignfull uagb-is-root-container\"><div class=\"uagb-container-inner-blocks-wrap\">\n<div class=\"wp-block-uagb-container uagb-block-3012506c\">\n<div class=\"wp-block-uagb-advanced-heading uagb-block-b32199f3\"><h2 class=\"uagb-heading-text\">Lo que hacemos<\/h2><div class=\"uagb-separator\"><\/div><p class=\"uagb-desc-text\">Nos dedicamos a ofrecer <strong>soluciones al problema de los mosquitos<\/strong>, respetando el medio ambiente&nbsp;y sin afectar a personas o mascotas.<br>&nbsp; &nbsp;&nbsp; Nuestros proveedores, nos dan un abanico de posibilidades que nos permiten manejar diversas opciones, buscando la mejor soluci\u00f3n en cada caso, y garantizamos calidad y eficiencia en nuestros tratamientos con m\u00e1s de 20 a\u00f1os de pruebas y desarrollo mundial. <br><strong>Nuestros tratamientos tienen dos grandes grupos: soluciones temporales y soluciones permanentes<\/strong><\/p><\/div>\n<\/div>\n<\/div><\/div>\n\n\n\n<div class=\"wp-block-uagb-container uagb-block-f1581561 alignfull uagb-is-root-container\"><div class=\"uagb-container-inner-blocks-wrap\">\n<div class=\"wp-block-uagb-container uagb-block-436cf3f8\">\n<div class=\"wp-block-uagb-container uagb-block-dd0af53d\">\n<div class=\"wp-block-uagb-container uagb-block-bedee12d\">\n<div class=\"wp-block-uagb-image uagb-block-941a58ce wp-block-uagb-image--layout-default wp-block-uagb-image--effect-static wp-block-uagb-image--align-none\"><figure class=\"wp-block-uagb-image__figure\"><img decoding=\"async\" srcset=\"http:\/\/subdominio.test.mosquitoesolution.com\/wp-content\/uploads\/2023\/05\/jardinero-rociando.jpg \" sizes=\"auto, (max-width: 480px) 150px\" src=\"http:\/\/subdominio.test.mosquitoesolution.com\/wp-content\/uploads\/2023\/05\/jardinero-rociando.jpg\" alt=\"\" class=\"uag-image-1858\" width=\"960\" height=\"641\" title=\"\" loading=\"lazy\"\/><\/figure><\/div>\n<\/div>\n\n\n\n<div class=\"wp-block-uagb-container uagb-block-4543a225\">\n<div class=\"wp-block-uagb-advanced-heading uagb-block-f51fff33\"><h3 class=\"uagb-heading-text\">Tratamientos de barrera<\/h3><p class=\"uagb-desc-text\">Es una soluci\u00f3n temporal que va a estar condicionada por el entorno de la casa<\/p><\/div>\n\n\n\n<div class=\"wp-block-uagb-icon-list uagb-block-f28c77c3\"><div class=\"uagb-icon-list__wrap\">\n<div class=\"wp-block-uagb-icon-list-child uagb-block-95d1929c\"><span class=\"uagb-icon-list__source-wrap\"><svg xmlns=\"https:\/\/www.w3.org\/2000\/svg\" viewBox=\"0 0 448 512\"><path d=\"M246.6 233.4l-160-160c-12.5-12.5-32.75-12.5-45.25 0s-12.5 32.75 0 45.25L178.8 256l-137.4 137.4c-12.5 12.5-12.5 32.75 0 45.25C47.63 444.9 55.81 448 64 448s16.38-3.125 22.62-9.375l160-160C259.1 266.1 259.1 245.9 246.6 233.4zM438.6 233.4l-160-160c-12.5-12.5-32.75-12.5-45.25 0s-12.5 32.75 0 45.25L370.8 256l-137.4 137.4c-12.5 12.5-12.5 32.75 0 45.25C239.6 444.9 247.8 448 256 448s16.38-3.125 22.62-9.375l160-160C451.1 266.1 451.1 245.9 438.6 233.4z\"><\/path><\/svg><\/span><span class=\"uagb-icon-list__label\">Ideal para eventos al aire libre o casas de alquiler a turistas.<\/span><\/div>\n\n\n\n<div class=\"wp-block-uagb-icon-list-child uagb-block-fce0b633\"><span class=\"uagb-icon-list__source-wrap\"><svg xmlns=\"https:\/\/www.w3.org\/2000\/svg\" viewBox=\"0 0 448 512\"><path d=\"M246.6 233.4l-160-160c-12.5-12.5-32.75-12.5-45.25 0s-12.5 32.75 0 45.25L178.8 256l-137.4 137.4c-12.5 12.5-12.5 32.75 0 45.25C47.63 444.9 55.81 448 64 448s16.38-3.125 22.62-9.375l160-160C259.1 266.1 259.1 245.9 246.6 233.4zM438.6 233.4l-160-160c-12.5-12.5-32.75-12.5-45.25 0s-12.5 32.75 0 45.25L370.8 256l-137.4 137.4c-12.5 12.5-12.5 32.75 0 45.25C239.6 444.9 247.8 448 256 448s16.38-3.125 22.62-9.375l160-160C451.1 266.1 451.1 245.9 438.6 233.4z\"><\/path><\/svg><\/span><span class=\"uagb-icon-list__label\">El producto quedar\u00e1 aplicado sobre las hojas de las plantas o el c\u00e9sped.<\/span><\/div>\n\n\n\n<div class=\"wp-block-uagb-icon-list-child uagb-block-7dd0b294\"><span class=\"uagb-icon-list__source-wrap\"><svg xmlns=\"https:\/\/www.w3.org\/2000\/svg\" viewBox=\"0 0 448 512\"><path d=\"M246.6 233.4l-160-160c-12.5-12.5-32.75-12.5-45.25 0s-12.5 32.75 0 45.25L178.8 256l-137.4 137.4c-12.5 12.5-12.5 32.75 0 45.25C47.63 444.9 55.81 448 64 448s16.38-3.125 22.62-9.375l160-160C259.1 266.1 259.1 245.9 246.6 233.4zM438.6 233.4l-160-160c-12.5-12.5-32.75-12.5-45.25 0s-12.5 32.75 0 45.25L370.8 256l-137.4 137.4c-12.5 12.5-12.5 32.75 0 45.25C239.6 444.9 247.8 448 256 448s16.38-3.125 22.62-9.375l160-160C451.1 266.1 451.1 245.9 438.6 233.4z\"><\/path><\/svg><\/span><span class=\"uagb-icon-list__label\">Duraci\u00f3n de 15 d\u00edas.<\/span><\/div>\n\n\n\n<div class=\"wp-block-uagb-icon-list-child uagb-block-a8a41f10\"><span class=\"uagb-icon-list__source-wrap\"><svg xmlns=\"https:\/\/www.w3.org\/2000\/svg\" viewBox=\"0 0 448 512\"><path d=\"M246.6 233.4l-160-160c-12.5-12.5-32.75-12.5-45.25 0s-12.5 32.75 0 45.25L178.8 256l-137.4 137.4c-12.5 12.5-12.5 32.75 0 45.25C47.63 444.9 55.81 448 64 448s16.38-3.125 22.62-9.375l160-160C259.1 266.1 259.1 245.9 246.6 233.4zM438.6 233.4l-160-160c-12.5-12.5-32.75-12.5-45.25 0s-12.5 32.75 0 45.25L370.8 256l-137.4 137.4c-12.5 12.5-12.5 32.75 0 45.25C239.6 444.9 247.8 448 256 448s16.38-3.125 22.62-9.375l160-160C451.1 266.1 451.1 245.9 438.6 233.4z\"><\/path><\/svg><\/span><span class=\"uagb-icon-list__label\">No resiste el agua de lluvia o riego que caiga sobre plantas y c\u00e9sped.<\/span><\/div>\n<\/div><\/div>\n<\/div>\n<\/div>\n\n\n\n<div class=\"wp-block-uagb-container uagb-block-959d4343\">\n<div class=\"wp-block-uagb-container uagb-block-a2f72ebe\">\n<div class=\"wp-block-uagb-image uagb-block-b3ed6b55 wp-block-uagb-image--layout-default wp-block-uagb-image--effect-static wp-block-uagb-image--align-none\"><figure class=\"wp-block-uagb-image__figure\"><img decoding=\"async\" srcset=\"http:\/\/subdominio.test.mosquitoesolution.com\/wp-content\/uploads\/2023\/05\/autmatizacion02-1024x1024.jpg \" sizes=\"auto, (max-width: 480px) 150px\" src=\"http:\/\/subdominio.test.mosquitoesolution.com\/wp-content\/uploads\/2023\/05\/autmatizacion02-1024x1024.jpg\" alt=\"\" class=\"uag-image-1864\" width=\"1024\" height=\"1024\" title=\"\" loading=\"lazy\"\/><\/figure><\/div>\n<\/div>\n\n\n\n<div class=\"wp-block-uagb-container uagb-block-fafb4bdc\">\n<div class=\"wp-block-uagb-advanced-heading uagb-block-4ee8fdd0\"><h3 class=\"uagb-heading-text\">Tratamiento con equipo fijo&nbsp;<\/h3><p class=\"uagb-desc-text\">Soluci\u00f3n permanente, ideal para cualquier casa, hotel, restaurante o negocio, mediante instalaci\u00f3n de nebulizador autom\u00e1tico.<\/p><\/div>\n\n\n\n<div class=\"wp-block-uagb-icon-list uagb-block-ae02a397\"><div class=\"uagb-icon-list__wrap\">\n<div class=\"wp-block-uagb-icon-list-child uagb-block-68891f6e\"><span class=\"uagb-icon-list__source-wrap\"><svg xmlns=\"https:\/\/www.w3.org\/2000\/svg\" viewBox=\"0 0 448 512\"><path d=\"M246.6 233.4l-160-160c-12.5-12.5-32.75-12.5-45.25 0s-12.5 32.75 0 45.25L178.8 256l-137.4 137.4c-12.5 12.5-12.5 32.75 0 45.25C47.63 444.9 55.81 448 64 448s16.38-3.125 22.62-9.375l160-160C259.1 266.1 259.1 245.9 246.6 233.4zM438.6 233.4l-160-160c-12.5-12.5-32.75-12.5-45.25 0s-12.5 32.75 0 45.25L370.8 256l-137.4 137.4c-12.5 12.5-12.5 32.75 0 45.25C239.6 444.9 247.8 448 256 448s16.38-3.125 22.62-9.375l160-160C451.1 266.1 451.1 245.9 438.6 233.4z\"><\/path><\/svg><\/span><span class=\"uagb-icon-list__label\">Cobertura de los lugares en donde est\u00e1 el foco del problema.<\/span><\/div>\n\n\n\n<div class=\"wp-block-uagb-icon-list-child uagb-block-8ea87677\"><span class=\"uagb-icon-list__source-wrap\"><svg xmlns=\"https:\/\/www.w3.org\/2000\/svg\" viewBox=\"0 0 448 512\"><path d=\"M246.6 233.4l-160-160c-12.5-12.5-32.75-12.5-45.25 0s-12.5 32.75 0 45.25L178.8 256l-137.4 137.4c-12.5 12.5-12.5 32.75 0 45.25C47.63 444.9 55.81 448 64 448s16.38-3.125 22.62-9.375l160-160C259.1 266.1 259.1 245.9 246.6 233.4zM438.6 233.4l-160-160c-12.5-12.5-32.75-12.5-45.25 0s-12.5 32.75 0 45.25L370.8 256l-137.4 137.4c-12.5 12.5-12.5 32.75 0 45.25C239.6 444.9 247.8 448 256 448s16.38-3.125 22.62-9.375l160-160C451.1 266.1 451.1 245.9 438.6 233.4z\"><\/path><\/svg><\/span><span class=\"uagb-icon-list__label\">3 ciclos diarios de pocos segundos cada uno, en los horarios de mayor actividad del mosquito.<\/span><\/div>\n\n\n\n<div class=\"wp-block-uagb-icon-list-child uagb-block-9ac33717\"><span class=\"uagb-icon-list__source-wrap\"><svg xmlns=\"https:\/\/www.w3.org\/2000\/svg\" viewBox=\"0 0 448 512\"><path d=\"M246.6 233.4l-160-160c-12.5-12.5-32.75-12.5-45.25 0s-12.5 32.75 0 45.25L178.8 256l-137.4 137.4c-12.5 12.5-12.5 32.75 0 45.25C47.63 444.9 55.81 448 64 448s16.38-3.125 22.62-9.375l160-160C259.1 266.1 259.1 245.9 246.6 233.4zM438.6 233.4l-160-160c-12.5-12.5-32.75-12.5-45.25 0s-12.5 32.75 0 45.25L370.8 256l-137.4 137.4c-12.5 12.5-12.5 32.75 0 45.25C239.6 444.9 247.8 448 256 448s16.38-3.125 22.62-9.375l160-160C451.1 266.1 451.1 245.9 438.6 233.4z\"><\/path><\/svg><\/span><span class=\"uagb-icon-list__label\">Equipos con 5 a\u00f1os de garant\u00eda.<\/span><\/div>\n\n\n\n<div class=\"wp-block-uagb-icon-list-child uagb-block-5d1fac2c\"><span class=\"uagb-icon-list__source-wrap\"><svg xmlns=\"https:\/\/www.w3.org\/2000\/svg\" viewBox=\"0 0 448 512\"><path d=\"M246.6 233.4l-160-160c-12.5-12.5-32.75-12.5-45.25 0s-12.5 32.75 0 45.25L178.8 256l-137.4 137.4c-12.5 12.5-12.5 32.75 0 45.25C47.63 444.9 55.81 448 64 448s16.38-3.125 22.62-9.375l160-160C259.1 266.1 259.1 245.9 246.6 233.4zM438.6 233.4l-160-160c-12.5-12.5-32.75-12.5-45.25 0s-12.5 32.75 0 45.25L370.8 256l-137.4 137.4c-12.5 12.5-12.5 32.75 0 45.25C239.6 444.9 247.8 448 256 448s16.38-3.125 22.62-9.375l160-160C451.1 266.1 451.1 245.9 438.6 233.4z\"><\/path><\/svg><\/span><span class=\"uagb-icon-list__label\">Garant\u00eda de satisfacci\u00f3n de 30 d\u00edas.<\/span><\/div>\n<\/div><\/div>\n<\/div>\n<\/div>\n\n\n\n<div class=\"wp-block-uagb-container uagb-block-dcb64f02\">\n<div class=\"wp-block-uagb-container uagb-block-c3289116\">\n<div class=\"wp-block-uagb-image uagb-block-75183a2a wp-block-uagb-image--layout-default wp-block-uagb-image--effect-static wp-block-uagb-image--align-none\"><figure class=\"wp-block-uagb-image__figure\"><img decoding=\"async\" srcset=\"http:\/\/subdominio.test.mosquitoesolution.com\/wp-content\/uploads\/2023\/05\/trees-reflected-lake-1024x681.jpg \" sizes=\"auto, (max-width: 480px) 150px\" src=\"http:\/\/subdominio.test.mosquitoesolution.com\/wp-content\/uploads\/2023\/05\/trees-reflected-lake-1024x681.jpg\" alt=\"\" class=\"uag-image-1625\" width=\"631\" height=\"408\" title=\"\" loading=\"lazy\"\/><\/figure><\/div>\n<\/div>\n\n\n\n<div class=\"wp-block-uagb-container uagb-block-19f9adac\">\n<div class=\"wp-block-uagb-advanced-heading uagb-block-3edf831d\"><h3 class=\"uagb-heading-text\">Larvicida<\/h3><p class=\"uagb-desc-text\">Tratamientos temporales con larvicida para cualquier lugar con agua estancada.<\/p><\/div>\n\n\n\n<div class=\"wp-block-uagb-icon-list uagb-block-304e0dd1\"><div class=\"uagb-icon-list__wrap\">\n<div class=\"wp-block-uagb-icon-list-child uagb-block-4adefe19\"><span class=\"uagb-icon-list__source-wrap\"><svg xmlns=\"https:\/\/www.w3.org\/2000\/svg\" viewBox=\"0 0 448 512\"><path d=\"M246.6 233.4l-160-160c-12.5-12.5-32.75-12.5-45.25 0s-12.5 32.75 0 45.25L178.8 256l-137.4 137.4c-12.5 12.5-12.5 32.75 0 45.25C47.63 444.9 55.81 448 64 448s16.38-3.125 22.62-9.375l160-160C259.1 266.1 259.1 245.9 246.6 233.4zM438.6 233.4l-160-160c-12.5-12.5-32.75-12.5-45.25 0s-12.5 32.75 0 45.25L370.8 256l-137.4 137.4c-12.5 12.5-12.5 32.75 0 45.25C239.6 444.9 247.8 448 256 448s16.38-3.125 22.62-9.375l160-160C451.1 266.1 451.1 245.9 438.6 233.4z\"><\/path><\/svg><\/span><span class=\"uagb-icon-list__label\">Se puede aplicar en estanques, aljibes, pozos ciegos, etc.<\/span><\/div>\n\n\n\n<div class=\"wp-block-uagb-icon-list-child uagb-block-4cdd604e\"><span class=\"uagb-icon-list__source-wrap\"><svg xmlns=\"https:\/\/www.w3.org\/2000\/svg\" viewBox=\"0 0 448 512\"><path d=\"M246.6 233.4l-160-160c-12.5-12.5-32.75-12.5-45.25 0s-12.5 32.75 0 45.25L178.8 256l-137.4 137.4c-12.5 12.5-12.5 32.75 0 45.25C47.63 444.9 55.81 448 64 448s16.38-3.125 22.62-9.375l160-160C259.1 266.1 259.1 245.9 246.6 233.4zM438.6 233.4l-160-160c-12.5-12.5-32.75-12.5-45.25 0s-12.5 32.75 0 45.25L370.8 256l-137.4 137.4c-12.5 12.5-12.5 32.75 0 45.25C239.6 444.9 247.8 448 256 448s16.38-3.125 22.62-9.375l160-160C451.1 266.1 451.1 245.9 438.6 233.4z\"><\/path><\/svg><\/span><span class=\"uagb-icon-list__label\">Producto natural que no afecta al agua de consumo humano, ni de riego.<\/span><\/div>\n\n\n\n<div class=\"wp-block-uagb-icon-list-child uagb-block-83c550dd\"><span class=\"uagb-icon-list__source-wrap\"><svg xmlns=\"https:\/\/www.w3.org\/2000\/svg\" viewBox=\"0 0 448 512\"><path d=\"M246.6 233.4l-160-160c-12.5-12.5-32.75-12.5-45.25 0s-12.5 32.75 0 45.25L178.8 256l-137.4 137.4c-12.5 12.5-12.5 32.75 0 45.25C47.63 444.9 55.81 448 64 448s16.38-3.125 22.62-9.375l160-160C259.1 266.1 259.1 245.9 246.6 233.4zM438.6 233.4l-160-160c-12.5-12.5-32.75-12.5-45.25 0s-12.5 32.75 0 45.25L370.8 256l-137.4 137.4c-12.5 12.5-12.5 32.75 0 45.25C239.6 444.9 247.8 448 256 448s16.38-3.125 22.62-9.375l160-160C451.1 266.1 451.1 245.9 438.6 233.4z\"><\/path><\/svg><\/span><span class=\"uagb-icon-list__label\">Su aplicaci\u00f3n despide una sustancia oleaginosa, impidiendo la respiraci\u00f3n de larvas.<\/span><\/div>\n\n\n\n<div class=\"wp-block-uagb-icon-list-child uagb-block-1d1b9af8\"><span class=\"uagb-icon-list__source-wrap\"><svg xmlns=\"https:\/\/www.w3.org\/2000\/svg\" viewBox=\"0 0 448 512\"><path d=\"M246.6 233.4l-160-160c-12.5-12.5-32.75-12.5-45.25 0s-12.5 32.75 0 45.25L178.8 256l-137.4 137.4c-12.5 12.5-12.5 32.75 0 45.25C47.63 444.9 55.81 448 64 448s16.38-3.125 22.62-9.375l160-160C259.1 266.1 259.1 245.9 246.6 233.4zM438.6 233.4l-160-160c-12.5-12.5-32.75-12.5-45.25 0s-12.5 32.75 0 45.25L370.8 256l-137.4 137.4c-12.5 12.5-12.5 32.75 0 45.25C239.6 444.9 247.8 448 256 448s16.38-3.125 22.62-9.375l160-160C451.1 266.1 451.1 245.9 438.6 233.4z\"><\/path><\/svg><\/span><span class=\"uagb-icon-list__label\">Protecci\u00f3n por 30 d\u00edas.<\/span><\/div>\n<\/div><\/div>\n<\/div>\n<\/div>\n<\/div>\n<\/div><\/div>\n\n\n\n<div class=\"wp-block-uagb-container uagb-block-249462f9 alignfull uagb-is-root-container\"><div class=\"uagb-container-inner-blocks-wrap\">\n<div class=\"wp-block-uagb-container uagb-block-5b21c2a4\">\n<div class=\"wp-block-uagb-container uagb-block-5a79c846\">\n<div class=\"wp-block-uagb-info-box uagb-block-f25872be uagb-infobox__content-wrap  uagb-infobox-icon-above-title uagb-infobox-image-valign-top\"><div class=\"uagb-ifb-content\"><div class=\"uagb-ifb-icon-wrap\"><svg xmlns=\"https:\/\/www.w3.org\/2000\/svg\" viewBox=\"0 0 448 512\"><path d=\"M384 352v64c0 17.67-14.33 32-32 32H96c-17.67 0-32-14.33-32-32v-64c0-17.67-14.33-32-32-32s-32 14.33-32 32v64c0 53.02 42.98 96 96 96h256c53.02 0 96-42.98 96-96v-64c0-17.67-14.33-32-32-32S384 334.3 384 352zM201.4 9.375l-128 128c-12.51 12.51-12.49 32.76 0 45.25c12.5 12.5 32.75 12.5 45.25 0L192 109.3V320c0 17.69 14.31 32 32 32s32-14.31 32-32V109.3l73.38 73.38c12.5 12.5 32.75 12.5 45.25 0s12.5-32.75 0-45.25l-128-128C234.1-3.125 213.9-3.125 201.4 9.375z\"><\/path><\/svg><\/div><div class=\"uagb-ifb-title-wrap\"><h6 class=\"uagb-ifb-title\">Actualizaciones<\/h6><\/div><p class=\"uagb-ifb-desc\">&nbsp;Ofrecemos, en caso de ser necesario, actualizaciones de equipos ya que regularmente existen mejoras para brindar a nuestros clientes.<\/p><\/div><\/div>\n<\/div>\n\n\n\n<div class=\"wp-block-uagb-container uagb-block-981d1ef3\">\n<div class=\"wp-block-uagb-info-box uagb-block-009e8f67 uagb-infobox__content-wrap  uagb-infobox-icon-above-title uagb-infobox-image-valign-top\"><div class=\"uagb-ifb-content\"><div class=\"uagb-ifb-icon-wrap\"><svg xmlns=\"https:\/\/www.w3.org\/2000\/svg\" viewBox=\"0 0 512 512\"><path d=\"M380.6 365.6C401.1 379.9 416 404.3 416 432C416 476.2 380.2 512 336 512C291.8 512 256 476.2 256 432C256 423.6 257.3 415.4 259.7 407.8L114.1 280.4C103.8 285.3 92.21 288 80 288C35.82 288 0 252.2 0 208C0 163.8 35.82 128 80 128C101.9 128 121.7 136.8 136.2 151.1L320 77.52C321.3 34.48 356.6 0 400 0C444.2 0 480 35.82 480 80C480 117.9 453.7 149.6 418.4 157.9L380.6 365.6zM156.3 232.2L301.9 359.6C306.9 357.3 312.1 355.4 317.6 354.1L355.4 146.4C351.2 143.6 347.4 140.4 343.8 136.9L159.1 210.5C159.7 218 158.5 225.3 156.3 232.2V232.2z\"><\/path><\/svg><\/div><div class=\"uagb-ifb-title-wrap\"><h6 class=\"uagb-ifb-title\">Instalaciones<\/h6><\/div><p class=\"uagb-ifb-desc\">Nos encargamos de realizar las instalaciones en el transcurso de un d\u00eda, a excepci\u00f3n de que el trabajo presente particularidades o sea muy grande y requiera de mayor tiempo.<\/p><\/div><\/div>\n<\/div>\n\n\n\n<div class=\"wp-block-uagb-container uagb-block-c89a48bd\">\n<div class=\"wp-block-uagb-info-box uagb-block-a027683f uagb-infobox__content-wrap  uagb-infobox-icon-above-title uagb-infobox-image-valign-top\"><div class=\"uagb-ifb-content\"><div class=\"uagb-ifb-icon-wrap\"><svg xmlns=\"https:\/\/www.w3.org\/2000\/svg\" viewBox=\"0 0 512 512\"><path d=\"M331.8 224.1c28.29 0 54.88 10.99 74.86 30.97l19.59 19.59c40.01-17.74 71.25-53.3 81.62-96.65c5.725-23.92 5.34-47.08 .2148-68.4c-2.613-10.88-16.43-14.51-24.34-6.604l-68.9 68.9h-75.6V97.2l68.9-68.9c7.912-7.912 4.275-21.73-6.604-24.34c-21.32-5.125-44.48-5.51-68.4 .2148c-55.3 13.23-98.39 60.22-107.2 116.4C224.5 128.9 224.2 137 224.3 145l82.78 82.86C315.2 225.1 323.5 224.1 331.8 224.1zM384 278.6c-23.16-23.16-57.57-27.57-85.39-13.9L191.1 158L191.1 95.99l-127.1-95.99L0 63.1l96 127.1l62.04 .0077l106.7 106.6c-13.67 27.82-9.251 62.23 13.91 85.39l117 117.1c14.62 14.5 38.21 14.5 52.71-.0016l52.75-52.75c14.5-14.5 14.5-38.08-.0016-52.71L384 278.6zM227.9 307L168.7 247.9l-148.9 148.9c-26.37 26.37-26.37 69.08 0 95.45C32.96 505.4 50.21 512 67.5 512s34.54-6.592 47.72-19.78l119.1-119.1C225.5 352.3 222.6 329.4 227.9 307zM64 472c-13.25 0-24-10.75-24-24c0-13.26 10.75-24 24-24S88 434.7 88 448C88 461.3 77.25 472 64 472z\"><\/path><\/svg><\/div><div class=\"uagb-ifb-title-wrap\"><h6 class=\"uagb-ifb-title\">Asistencia t\u00e9cnica<\/h6><\/div><p class=\"uagb-ifb-desc\">Nuestro trabajo no termina en la aplicaci\u00f3n del tratamiento, buscamos hacer un seguimiento de cada caso para llegar mejor al objetivo.<\/p><\/div><\/div>\n<\/div>\n<\/div>\n<\/div><\/div>\n\n\n\n<div class=\"wp-block-uagb-container uagb-block-c2761769 alignfull uagb-is-root-container\"><div class=\"uagb-container-inner-blocks-wrap\">\n<div class=\"wp-block-uagb-container uagb-block-a8888b9c\">\n<div class=\"wp-block-uagb-advanced-heading uagb-block-6a1fce87\"><h3 class=\"uagb-heading-text\">Solicite una cotizaci\u00f3n hoy<\/h3><\/div>\n\n\n\n<div class=\"wp-block-uagb-container uagb-block-5ed2b120\">\n<div class=\"wp-block-uagb-container uagb-block-4c706cf4\">\n<div class=\"wp-block-uagb-advanced-heading uagb-block-7c718f68\"><h4 class=\"uagb-heading-text\">Llegue a nosotros<\/h4><\/div>\n\n\n\n<div class=\"wp-block-uagb-advanced-heading uagb-block-ede134c3\"><h6 class=\"uagb-heading-text\">Email :<\/h6><p class=\"uagb-desc-text\">info@mosquitoesolution.com<\/p><\/div>\n\n\n\n<div class=\"wp-block-uagb-advanced-heading uagb-block-3f05a558\"><h6 class=\"uagb-heading-text\">Tel\u00e9fono:<\/h6><p class=\"uagb-desc-text\"><a rel=\"noreferrer noopener\" href=\"https:\/\/wa.me\/34623162607\" data-type=\"URL\" data-id=\"https:\/\/wa.me\/34623162607\" target=\"_blank\">+34 623 16 26 07<\/a><\/p><\/div>\n<\/div>\n\n\n\n<div class=\"wp-block-uagb-container uagb-block-db8ffe6d\"><div class=\"wpforms-container wpforms-block wpforms-block-f8d252b8-e21c-4c89-80c9-b554a0f11426\" id=\"wpforms-2194\"><form id=\"wpforms-form-2194\" class=\"wpforms-validate wpforms-form\" data-formid=\"2194\" method=\"post\" enctype=\"multipart\/form-data\" action=\"\/es\/wp-json\/wp\/v2\/pages\/1400\" data-token=\"bd4112c8e44a0332cb72d25ff06a539f\" data-token-time=\"1777790417\"><noscript class=\"wpforms-error-noscript\">Por favor, activa JavaScript en tu navegador para completar este formulario.<\/noscript><div class=\"wpforms-field-container\"><div id=\"wpforms-2194-field_1-container\" class=\"wpforms-field wpforms-field-name\" data-field-id=\"1\"><label class=\"wpforms-field-label wpforms-label-hide\" for=\"wpforms-2194-field_1\">Nombre  <span class=\"wpforms-required-label\">*<\/span><\/label><div class=\"wpforms-field-row wpforms-field-large\"><div class=\"wpforms-field-row-block wpforms-first wpforms-one-half\"><input type=\"text\" id=\"wpforms-2194-field_1\" class=\"wpforms-field-name-first wpforms-field-required\" name=\"wpforms[fields][1][first]\" placeholder=\"Tu nombre\" required><label for=\"wpforms-2194-field_1\" class=\"wpforms-field-sublabel after wpforms-sublabel-hide\">Nombre<\/label><\/div><div class=\"wpforms-field-row-block wpforms-one-half\"><input type=\"text\" id=\"wpforms-2194-field_1-last\" class=\"wpforms-field-name-last wpforms-field-required\" name=\"wpforms[fields][1][last]\" placeholder=\"Tu apellido\" required><label for=\"wpforms-2194-field_1-last\" class=\"wpforms-field-sublabel after wpforms-sublabel-hide\">Apellidos<\/label><\/div><\/div><\/div><div id=\"wpforms-2194-field_6-container\" class=\"wpforms-field wpforms-field-email\" data-field-id=\"6\"><label class=\"wpforms-field-label wpforms-label-hide\" for=\"wpforms-2194-field_6\">Email <span class=\"wpforms-required-label\">*<\/span><\/label><input type=\"email\" id=\"wpforms-2194-field_6\" class=\"wpforms-field-large wpforms-field-required\" name=\"wpforms[fields][6]\" placeholder=\"Tu email\" spellcheck=\"false\" required><\/div><div id=\"wpforms-2194-field_2-container\" class=\"wpforms-field wpforms-field-number\" data-field-id=\"2\"><label class=\"wpforms-field-label wpforms-label-hide\" for=\"wpforms-2194-field_2\">Tel\u00e9fonos<\/label><input type=\"number\" id=\"wpforms-2194-field_2\" class=\"wpforms-field-large\" name=\"wpforms[fields][2]\" placeholder=\"N\u00famero de contacto\" step=\"any\" ><\/div><div id=\"wpforms-2194-field_3-container\" class=\"wpforms-field wpforms-field-text\" data-field-id=\"3\"><label class=\"wpforms-field-label wpforms-label-hide\" for=\"wpforms-2194-field_3\">Asunto <span class=\"wpforms-required-label\">*<\/span><\/label><input type=\"text\" id=\"wpforms-2194-field_3\" class=\"wpforms-field-large wpforms-field-required\" name=\"wpforms[fields][3]\" placeholder=\"Texto de una l\u00ednea\" required><\/div><div id=\"wpforms-2194-field_4-container\" class=\"wpforms-field wpforms-field-textarea\" data-field-id=\"4\"><label class=\"wpforms-field-label wpforms-label-hide\" for=\"wpforms-2194-field_4\">Texto <span class=\"wpforms-required-label\">*<\/span><\/label><textarea id=\"wpforms-2194-field_4\" class=\"wpforms-field-medium wpforms-field-required\" name=\"wpforms[fields][4]\" placeholder=\"Tu mensaje\" required><\/textarea><\/div><\/div><!-- .wpforms-field-container --><div class=\"wpforms-submit-container\" ><input type=\"hidden\" name=\"wpforms[id]\" value=\"2194\"><input type=\"hidden\" name=\"page_title\" value=\"\"><input type=\"hidden\" name=\"page_url\" value=\"https:\/\/subdominio.test.mosquitoesolution.com\/es\/wp-json\/wp\/v2\/pages\/1400\"><input type=\"hidden\" name=\"url_referer\" value=\"\"><button type=\"submit\" name=\"wpforms[submit]\" id=\"wpforms-submit-2194\" class=\"wpforms-submit\" data-alt-text=\"Enviando...\" data-submit-text=\"Enviar\" aria-live=\"assertive\" value=\"wpforms-submit\">Enviar<\/button><\/div><\/form><\/div>  <!-- .wpforms-container --><\/div>\n<\/div>\n<\/div>\n<\/div><\/div>\n","protected":false},"excerpt":{"rendered":"<p>Servicios Lo que hacemos Nos dedicamos a ofrecer soluciones al problema de los mosquitos, respetando el medio ambiente&nbsp;y sin afectar a personas o mascotas.&nbsp; &nbsp;&nbsp; Nuestros proveedores, nos dan un abanico de posibilidades que nos permiten manejar diversas opciones, buscando la mejor soluci\u00f3n en cada caso, y garantizamos calidad y eficiencia en nuestros tratamientos con &hellip;<\/p>\n<p class=\"read-more\"> <a class=\"\" href=\"https:\/\/subdominio.test.mosquitoesolution.com\/es\/services\/\"> <span class=\"screen-reader-text\">Servicios<\/span> Leer m\u00e1s &raquo;<\/a><\/p>\n","protected":false},"author":2,"featured_media":0,"parent":0,"menu_order":0,"comment_status":"closed","ping_status":"closed","template":"","meta":{"_uag_custom_page_level_css":"","site-sidebar-layout":"default","site-content-layout":"page-builder","ast-site-content-layout":"full-width-container","site-content-style":"unboxed","site-sidebar-style":"unboxed","ast-global-header-display":"","ast-banner-title-visibility":"","ast-main-header-display":"","ast-hfb-above-header-display":"","ast-hfb-below-header-display":"","ast-hfb-mobile-header-display":"","site-post-title":"disabled","ast-breadcrumbs-content":"","ast-featured-img":"","footer-sml-layout":"","theme-transparent-header-meta":"","adv-header-id-meta":"","stick-header-meta":"","header-above-stick-meta":"","header-main-stick-meta":"","header-below-stick-meta":"","astra-migrate-meta-layouts":"set","footnotes":""},"class_list":["post-1400","page","type-page","status-publish","hentry"],"uagb_featured_image_src":{"full":false,"thumbnail":false,"medium":false,"medium_large":false,"large":false,"1536x1536":false,"2048x2048":false},"uagb_author_info":{"display_name":"micaelag","author_link":"https:\/\/subdominio.test.mosquitoesolution.com\/es\/author\/micaelag\/"},"uagb_comment_info":0,"uagb_excerpt":"Servicios Lo que hacemos Nos dedicamos a ofrecer soluciones al problema de los mosquitos, respetando el medio ambiente&nbsp;y sin afectar a personas o mascotas.&nbsp; &nbsp;&nbsp; Nuestros proveedores, nos dan un abanico de posibilidades que nos permiten manejar diversas opciones, buscando la mejor soluci\u00f3n en cada caso, y garantizamos calidad y eficiencia en nuestros tratamientos con&hellip;","_links":{"self":[{"href":"https:\/\/subdominio.test.mosquitoesolution.com\/es\/wp-json\/wp\/v2\/pages\/1400","targetHints":{"allow":["GET"]}}],"collection":[{"href":"https:\/\/subdominio.test.mosquitoesolution.com\/es\/wp-json\/wp\/v2\/pages"}],"about":[{"href":"https:\/\/subdominio.test.mosquitoesolution.com\/es\/wp-json\/wp\/v2\/types\/page"}],"author":[{"embeddable":true,"href":"https:\/\/subdominio.test.mosquitoesolution.com\/es\/wp-json\/wp\/v2\/users\/2"}],"replies":[{"embeddable":true,"href":"https:\/\/subdominio.test.mosquitoesolution.com\/es\/wp-json\/wp\/v2\/comments?post=1400"}],"version-history":[{"count":25,"href":"https:\/\/subdominio.test.mosquitoesolution.com\/es\/wp-json\/wp\/v2\/pages\/1400\/revisions"}],"predecessor-version":[{"id":2307,"href":"https:\/\/subdominio.test.mosquitoesolution.com\/es\/wp-json\/wp\/v2\/pages\/1400\/revisions\/2307"}],"wp:attachment":[{"href":"https:\/\/subdominio.test.mosquitoesolution.com\/es\/wp-json\/wp\/v2\/media?parent=1400"}],"curies":[{"name":"wp","href":"https:\/\/api.w.org\/{rel}","templated":true}]}}