{"id":1399,"date":"2023-01-02T11:57:25","date_gmt":"2023-01-02T11:57:25","guid":{"rendered":"https:\/\/xn--micagarciamuoz-1nb.com.ar\/wpmosquitoes\/about-us\/"},"modified":"2023-09-26T15:21:25","modified_gmt":"2023-09-26T15:21:25","slug":"about-us","status":"publish","type":"page","link":"https:\/\/subdominio.test.mosquitoesolution.com\/es\/about-us\/","title":{"rendered":"Nosotros"},"content":{"rendered":"\n<div class=\"wp-block-uagb-container uagb-block-d7b7ceaa alignfull uagb-is-root-container\"><div class=\"uagb-container-inner-blocks-wrap\">\n<div class=\"wp-block-uagb-advanced-heading uagb-block-6a72b5ec\"><h1 class=\"uagb-heading-text\">Nosotros<\/h1><\/div>\n<\/div><\/div>\n\n\n\n<div class=\"wp-block-uagb-container uagb-block-2c2b44be alignfull uagb-is-root-container\"><div class=\"uagb-container-inner-blocks-wrap\">\n<div class=\"wp-block-uagb-container uagb-block-2d090c1d\">\n<div class=\"wp-block-uagb-advanced-heading uagb-block-2de3bf21\"><h2 class=\"uagb-heading-text\">Perfil de la empresa<\/h2><div class=\"uagb-separator\"><\/div><p class=\"uagb-desc-text\">Nuestra empresa nace de la necesidad de encontrar soluciones al problema de los mosquitos, <strong>respetando el medio ambiente <\/strong>y sin afectar a personas o mascotas.<br>Para ello, elegimos tratamientos que tienen <strong>m\u00e1s de 20 a\u00f1os <\/strong>de pruebas y desarrollo en diferentes partes del mundo, garantizando la calidad y la eficiencia que usted busca.<br>Empresas proveedoras de primera categor\u00eda, nos permiten manejar diferentes opciones para diversas situaciones, buscando<strong> la mejor soluci\u00f3n <\/strong>en cada caso.<\/p><\/div>\n\n\n\n<div class=\"wp-block-uagb-container uagb-block-9fc1bb6c\">\n<h2 class=\"wp-block-heading has-text-align-center has-medium-font-size\">Objetivo<\/h2>\n\n\n\n<p class=\"has-text-align-center\">El objetivo principal es que usted pueda disfrutar de su casa y su jard\u00edn en cualquier \u00e9poca del a\u00f1o evitando experiencias indeseadas a causa de estos insectos, as\u00ed como tambi\u00e9n evitar comentarios negativos a quienes alquilan su propiedad vacacional a turistas.<\/p>\n<\/div>\n<\/div>\n<\/div><\/div>\n\n\n\n<div class=\"wp-block-uagb-container uagb-block-49955f46 alignfull uagb-is-root-container\"><div class=\"uagb-container-inner-blocks-wrap\">\n<div class=\"wp-block-uagb-call-to-action uagb-block-e9aa51d7 wp-block-button\"><div class=\"uagb-cta__wrap\"><h2 class=\"uagb-cta__title\">\u00bfTiene consultas?<\/h2><p class=\"uagb-cta__desc\">No dude en contactarse con nosotros.<\/p><\/div><div class=\"uagb-cta__buttons\"><a href=\"#\" class=\"uagb-cta__button-link-wrapper wp-block-button__link\" target=\"_self\" rel=\"noopener noreferrer\">Cont\u00e1ctenos<svg xmlns=\"https:\/\/www.w3.org\/2000\/svg\" viewBox=\"0 0 512 512\"><path d=\"M256 0C114.6 0 0 114.6 0 256c0 141.4 114.6 256 256 256s256-114.6 256-256C512 114.6 397.4 0 256 0zM358.6 278.6l-112 112c-12.5 12.5-32.75 12.5-45.25 0s-12.5-32.75 0-45.25L290.8 256L201.4 166.6c-12.5-12.5-12.5-32.75 0-45.25s32.75-12.5 45.25 0l112 112C364.9 239.6 368 247.8 368 256S364.9 272.4 358.6 278.6z\"><\/path><\/svg><\/a><\/div><\/div>\n<\/div><\/div>\n\n\n\n<div class=\"wp-block-uagb-container uagb-block-487ffb95 alignfull uagb-is-root-container\"><div class=\"uagb-container-inner-blocks-wrap\">\n<div style=\"margin-top:var(--wp--preset--spacing--30);margin-bottom:var(--wp--preset--spacing--30);height:100px\" aria-hidden=\"true\" class=\"wp-block-spacer\"><\/div>\n\n\n\n<div class=\"wp-block-uagb-container uagb-block-db26398c\">\n<div class=\"wp-block-uagb-advanced-heading uagb-block-b524ad17\"><h3 class=\"uagb-heading-text\">Solicite una cotizaci\u00f3n hoy<\/h3><\/div>\n\n\n\n<div class=\"wp-block-uagb-container uagb-block-416092e7\">\n<div class=\"wp-block-uagb-container uagb-block-5cee517d\">\n<div class=\"wp-block-uagb-advanced-heading uagb-block-089820ba\"><h4 class=\"uagb-heading-text\">Llegue a nosotros<\/h4><\/div>\n\n\n\n<div class=\"wp-block-uagb-advanced-heading uagb-block-cc2bb09e\"><h6 class=\"uagb-heading-text\">Email :<\/h6><p class=\"uagb-desc-text\">info@mosquitoesolution.com<\/p><\/div>\n\n\n\n<div class=\"wp-block-uagb-advanced-heading uagb-block-c4114af2\"><h6 class=\"uagb-heading-text\">Tel\u00e9fono:<\/h6><p class=\"uagb-desc-text\"><a rel=\"noreferrer noopener\" href=\"https:\/\/wa.me\/34623162607\" data-type=\"URL\" data-id=\"https:\/\/wa.me\/34623162607\" target=\"_blank\">+34 623 16 26 07<\/a><\/p><\/div>\n<\/div>\n\n\n\n<div class=\"wp-block-uagb-container uagb-block-ba5ce7b5\"><div class=\"wpforms-container wpforms-block wpforms-block-1ef057a1-e28f-4b96-8624-d13d8eb75567\" id=\"wpforms-2194\"><form id=\"wpforms-form-2194\" class=\"wpforms-validate wpforms-form\" data-formid=\"2194\" method=\"post\" enctype=\"multipart\/form-data\" action=\"\/es\/wp-json\/wp\/v2\/pages\/1399\" data-token=\"bd4112c8e44a0332cb72d25ff06a539f\" data-token-time=\"1777790381\"><noscript class=\"wpforms-error-noscript\">Por favor, activa JavaScript en tu navegador para completar este formulario.<\/noscript><div class=\"wpforms-field-container\"><div id=\"wpforms-2194-field_1-container\" class=\"wpforms-field wpforms-field-name\" data-field-id=\"1\"><label class=\"wpforms-field-label wpforms-label-hide\" for=\"wpforms-2194-field_1\">Nombre  <span class=\"wpforms-required-label\">*<\/span><\/label><div class=\"wpforms-field-row wpforms-field-large\"><div class=\"wpforms-field-row-block wpforms-first wpforms-one-half\"><input type=\"text\" id=\"wpforms-2194-field_1\" class=\"wpforms-field-name-first wpforms-field-required\" name=\"wpforms[fields][1][first]\" placeholder=\"Tu nombre\" required><label for=\"wpforms-2194-field_1\" class=\"wpforms-field-sublabel after wpforms-sublabel-hide\">Nombre<\/label><\/div><div class=\"wpforms-field-row-block wpforms-one-half\"><input type=\"text\" id=\"wpforms-2194-field_1-last\" class=\"wpforms-field-name-last wpforms-field-required\" name=\"wpforms[fields][1][last]\" placeholder=\"Tu apellido\" required><label for=\"wpforms-2194-field_1-last\" class=\"wpforms-field-sublabel after wpforms-sublabel-hide\">Apellidos<\/label><\/div><\/div><\/div><div id=\"wpforms-2194-field_6-container\" class=\"wpforms-field wpforms-field-email\" data-field-id=\"6\"><label class=\"wpforms-field-label wpforms-label-hide\" for=\"wpforms-2194-field_6\">Email <span class=\"wpforms-required-label\">*<\/span><\/label><input type=\"email\" id=\"wpforms-2194-field_6\" class=\"wpforms-field-large wpforms-field-required\" name=\"wpforms[fields][6]\" placeholder=\"Tu email\" spellcheck=\"false\" required><\/div><div id=\"wpforms-2194-field_2-container\" class=\"wpforms-field wpforms-field-number\" data-field-id=\"2\"><label class=\"wpforms-field-label wpforms-label-hide\" for=\"wpforms-2194-field_2\">Tel\u00e9fonos<\/label><input type=\"number\" id=\"wpforms-2194-field_2\" class=\"wpforms-field-large\" name=\"wpforms[fields][2]\" placeholder=\"N\u00famero de contacto\" step=\"any\" ><\/div><div id=\"wpforms-2194-field_3-container\" class=\"wpforms-field wpforms-field-text\" data-field-id=\"3\"><label class=\"wpforms-field-label wpforms-label-hide\" for=\"wpforms-2194-field_3\">Asunto <span class=\"wpforms-required-label\">*<\/span><\/label><input type=\"text\" id=\"wpforms-2194-field_3\" class=\"wpforms-field-large wpforms-field-required\" name=\"wpforms[fields][3]\" placeholder=\"Texto de una l\u00ednea\" required><\/div><div id=\"wpforms-2194-field_4-container\" class=\"wpforms-field wpforms-field-textarea\" data-field-id=\"4\"><label class=\"wpforms-field-label wpforms-label-hide\" for=\"wpforms-2194-field_4\">Texto <span class=\"wpforms-required-label\">*<\/span><\/label><textarea id=\"wpforms-2194-field_4\" class=\"wpforms-field-medium wpforms-field-required\" name=\"wpforms[fields][4]\" placeholder=\"Tu mensaje\" required><\/textarea><\/div><\/div><!-- .wpforms-field-container --><div class=\"wpforms-submit-container\" ><input type=\"hidden\" name=\"wpforms[id]\" value=\"2194\"><input type=\"hidden\" name=\"page_title\" value=\"\"><input type=\"hidden\" name=\"page_url\" value=\"https:\/\/subdominio.test.mosquitoesolution.com\/es\/wp-json\/wp\/v2\/pages\/1399\"><input type=\"hidden\" name=\"url_referer\" value=\"\"><button type=\"submit\" name=\"wpforms[submit]\" id=\"wpforms-submit-2194\" class=\"wpforms-submit\" data-alt-text=\"Enviando...\" data-submit-text=\"Enviar\" aria-live=\"assertive\" value=\"wpforms-submit\">Enviar<\/button><\/div><\/form><\/div>  <!-- .wpforms-container --><\/div>\n<\/div>\n<\/div>\n<\/div><\/div>\n","protected":false},"excerpt":{"rendered":"<p>Nosotros Perfil de la empresa Nuestra empresa nace de la necesidad de encontrar soluciones al problema de los mosquitos, respetando el medio ambiente y sin afectar a personas o mascotas.Para ello, elegimos tratamientos que tienen m\u00e1s de 20 a\u00f1os de pruebas y desarrollo en diferentes partes del mundo, garantizando la calidad y la eficiencia que &hellip;<\/p>\n<p class=\"read-more\"> <a class=\"\" href=\"https:\/\/subdominio.test.mosquitoesolution.com\/es\/about-us\/\"> <span class=\"screen-reader-text\">Nosotros<\/span> Leer m\u00e1s &raquo;<\/a><\/p>\n","protected":false},"author":2,"featured_media":0,"parent":0,"menu_order":0,"comment_status":"closed","ping_status":"closed","template":"","meta":{"_uag_custom_page_level_css":"","site-sidebar-layout":"default","site-content-layout":"page-builder","ast-site-content-layout":"full-width-container","site-content-style":"unboxed","site-sidebar-style":"unboxed","ast-global-header-display":"","ast-banner-title-visibility":"","ast-main-header-display":"","ast-hfb-above-header-display":"","ast-hfb-below-header-display":"","ast-hfb-mobile-header-display":"","site-post-title":"disabled","ast-breadcrumbs-content":"","ast-featured-img":"","footer-sml-layout":"","theme-transparent-header-meta":"","adv-header-id-meta":"","stick-header-meta":"","header-above-stick-meta":"","header-main-stick-meta":"","header-below-stick-meta":"","astra-migrate-meta-layouts":"set","footnotes":""},"class_list":["post-1399","page","type-page","status-publish","hentry"],"uagb_featured_image_src":{"full":false,"thumbnail":false,"medium":false,"medium_large":false,"large":false,"1536x1536":false,"2048x2048":false},"uagb_author_info":{"display_name":"micaelag","author_link":"https:\/\/subdominio.test.mosquitoesolution.com\/es\/author\/micaelag\/"},"uagb_comment_info":0,"uagb_excerpt":"Nosotros Perfil de la empresa Nuestra empresa nace de la necesidad de encontrar soluciones al problema de los mosquitos, respetando el medio ambiente y sin afectar a personas o mascotas.Para ello, elegimos tratamientos que tienen m\u00e1s de 20 a\u00f1os de pruebas y desarrollo en diferentes partes del mundo, garantizando la calidad y la eficiencia que&hellip;","_links":{"self":[{"href":"https:\/\/subdominio.test.mosquitoesolution.com\/es\/wp-json\/wp\/v2\/pages\/1399","targetHints":{"allow":["GET"]}}],"collection":[{"href":"https:\/\/subdominio.test.mosquitoesolution.com\/es\/wp-json\/wp\/v2\/pages"}],"about":[{"href":"https:\/\/subdominio.test.mosquitoesolution.com\/es\/wp-json\/wp\/v2\/types\/page"}],"author":[{"embeddable":true,"href":"https:\/\/subdominio.test.mosquitoesolution.com\/es\/wp-json\/wp\/v2\/users\/2"}],"replies":[{"embeddable":true,"href":"https:\/\/subdominio.test.mosquitoesolution.com\/es\/wp-json\/wp\/v2\/comments?post=1399"}],"version-history":[{"count":21,"href":"https:\/\/subdominio.test.mosquitoesolution.com\/es\/wp-json\/wp\/v2\/pages\/1399\/revisions"}],"predecessor-version":[{"id":2295,"href":"https:\/\/subdominio.test.mosquitoesolution.com\/es\/wp-json\/wp\/v2\/pages\/1399\/revisions\/2295"}],"wp:attachment":[{"href":"https:\/\/subdominio.test.mosquitoesolution.com\/es\/wp-json\/wp\/v2\/media?parent=1399"}],"curies":[{"name":"wp","href":"https:\/\/api.w.org\/{rel}","templated":true}]}}