{"id":2221,"date":"2023-01-02T11:57:25","date_gmt":"2023-01-02T11:57:25","guid":{"rendered":"https:\/\/subdominio.test.mosquitoesolution.com\/haeufige-fragen\/"},"modified":"2023-08-30T14:22:26","modified_gmt":"2023-08-30T14:22:26","slug":"haeufige-fragen","status":"publish","type":"page","link":"https:\/\/subdominio.test.mosquitoesolution.com\/de\/haeufige-fragen\/","title":{"rendered":"H\u00e4ufige Fragen"},"content":{"rendered":"\n<div class=\"wp-block-uagb-container uagb-block-b986f1e2 alignfull uagb-is-root-container\"><div class=\"uagb-container-inner-blocks-wrap\">\n<div class=\"wp-block-uagb-advanced-heading uagb-block-ed54fd4c\"><h1 class=\"uagb-heading-text\">H\u00e4ufige Fragen<\/h1><\/div>\n<\/div><\/div>\n\n<div class=\"wp-block-uagb-container uagb-block-29890ce3 alignfull uagb-is-root-container\"><div class=\"uagb-container-inner-blocks-wrap\">\n<div class=\"wp-block-uagb-container uagb-block-16f3e4bb\">\n<div class=\"wp-block-uagb-advanced-heading uagb-block-422988de\"><h3 class=\"uagb-heading-text\">Haben Sie noch Fragen?<\/h3><div class=\"uagb-separator\"><\/div><p class=\"uagb-desc-text\">Dies sind einige der Fragen, die wir regelm\u00e4\u00dfig erhalten. Wenn Sie weitere Fragen haben, wenden Sie sich bitte an uns.<\/p><\/div>\n\n\n\n<div class=\"wp-block-uagb-container uagb-block-8a508bbb\">\n<div class=\"wp-block-uagb-container uagb-block-7a2b5558\">\n<div class=\"wp-block-uagb-faq uagb-faq__outer-wrap uagb-block-435eda10 uagb-faq-icon-row-reverse uagb-faq-layout-accordion uagb-faq-expand-first-true uagb-faq-inactive-other-true uagb-faq__wrap uagb-buttons-layout-wrap uagb-faq-equal-height\" data-faqtoggle=\"true\" role=\"tablist\">\n<div class=\"wp-block-uagb-faq-child uagb-faq-child__outer-wrap uagb-faq-item uagb-block-18c2b8ce\" role=\"tab\" tabindex=\"0\"><div class=\"uagb-faq-questions-button uagb-faq-questions\"><span class=\"uagb-icon uagb-faq-icon-wrap\"><svg xmlns=\"https:\/\/www.w3.org\/2000\/svg\" viewbox=\"0 0 448 512\"><path d=\"M432 256c0 17.69-14.33 32.01-32 32.01H256v144c0 17.69-14.33 31.99-32 31.99s-32-14.3-32-31.99v-144H48c-17.67 0-32-14.32-32-32.01s14.33-31.99 32-31.99H192v-144c0-17.69 14.33-32.01 32-32.01s32 14.32 32 32.01v144h144C417.7 224 432 238.3 432 256z\"><\/path><\/svg><\/span><span class=\"uagb-icon-active uagb-faq-icon-wrap\"><svg xmlns=\"https:\/\/www.w3.org\/2000\/svg\" viewbox=\"0 0 448 512\"><path d=\"M400 288h-352c-17.69 0-32-14.32-32-32.01s14.31-31.99 32-31.99h352c17.69 0 32 14.3 32 31.99S417.7 288 400 288z\"><\/path><\/svg><\/span><span class=\"uagb-question\"> K\u00f6nnen <strong>die von Ihnen verwendeten Produkte<\/strong> Menschen und Haustiere beeintr\u00e4chtigen?<\/span><\/div><p class=\"uagb-faq-content\">Die verwendeten Produkte haben keine Auswirkungen auf Haustiere oder Menschen jeden Alters.<\/p><\/div>\n\n\n\n<div class=\"wp-block-uagb-faq-child uagb-faq-child__outer-wrap uagb-faq-item uagb-block-bf8475f8\" role=\"tab\" tabindex=\"0\"><div class=\"uagb-faq-questions-button uagb-faq-questions\"><span class=\"uagb-icon uagb-faq-icon-wrap\"><svg xmlns=\"https:\/\/www.w3.org\/2000\/svg\" viewbox=\"0 0 448 512\"><path d=\"M432 256c0 17.69-14.33 32.01-32 32.01H256v144c0 17.69-14.33 31.99-32 31.99s-32-14.3-32-31.99v-144H48c-17.67 0-32-14.32-32-32.01s14.33-31.99 32-31.99H192v-144c0-17.69 14.33-32.01 32-32.01s32 14.32 32 32.01v144h144C417.7 224 432 238.3 432 256z\"><\/path><\/svg><\/span><span class=\"uagb-icon-active uagb-faq-icon-wrap\"><svg xmlns=\"https:\/\/www.w3.org\/2000\/svg\" viewbox=\"0 0 448 512\"><path d=\"M400 288h-352c-17.69 0-32-14.32-32-32.01s14.31-31.99 32-31.99h352c17.69 0 32 14.3 32 31.99S417.7 288 400 288z\"><\/path><\/svg><\/span><span class=\"uagb-question\">Kann es Bienen und Wespen in meinem Garten schaden?<\/span><\/div><p class=\"uagb-faq-content\">Das System beeintr\u00e4chtigt die Bienen und Wespen in Ihrem Garten nicht, da es au\u00dferhalb der Aktivit\u00e4tszeiten der Best\u00e4uber arbeitet.  <\/p><\/div>\n\n\n\n<div class=\"wp-block-uagb-faq-child uagb-faq-child__outer-wrap uagb-faq-item uagb-block-1a843358\" role=\"tab\" tabindex=\"0\"><div class=\"uagb-faq-questions-button uagb-faq-questions\"><span class=\"uagb-icon uagb-faq-icon-wrap\"><svg xmlns=\"https:\/\/www.w3.org\/2000\/svg\" viewbox=\"0 0 448 512\"><path d=\"M432 256c0 17.69-14.33 32.01-32 32.01H256v144c0 17.69-14.33 31.99-32 31.99s-32-14.3-32-31.99v-144H48c-17.67 0-32-14.32-32-32.01s14.33-31.99 32-31.99H192v-144c0-17.69 14.33-32.01 32-32.01s32 14.32 32 32.01v144h144C417.7 224 432 238.3 432 256z\"><\/path><\/svg><\/span><span class=\"uagb-icon-active uagb-faq-icon-wrap\"><svg xmlns=\"https:\/\/www.w3.org\/2000\/svg\" viewbox=\"0 0 448 512\"><path d=\"M400 288h-352c-17.69 0-32-14.32-32-32.01s14.31-31.99 32-31.99h352c17.69 0 32 14.3 32 31.99S417.7 288 400 288z\"><\/path><\/svg><\/span><span class=\"uagb-question\">  Funktioniert es das ganze Jahr \u00fcber oder nur w\u00e4hrend bestimmter Monate?<\/span><\/div><p class=\"uagb-faq-content\">Die Inbetriebnahme erfolgt in der Regel im M\u00e4rz und die Abschaltung im November. Wenn Ihr Problem l\u00e4nger als ein paar Monate andauert, k\u00f6nnen wir das Ger\u00e4t trotzdem in Betrieb lassen.  <\/p><\/div>\n\n\n\n<div class=\"wp-block-uagb-faq-child uagb-faq-child__outer-wrap uagb-faq-item uagb-block-f842ae42\" role=\"tab\" tabindex=\"0\"><div class=\"uagb-faq-questions-button uagb-faq-questions\"><span class=\"uagb-icon uagb-faq-icon-wrap\"><svg xmlns=\"https:\/\/www.w3.org\/2000\/svg\" viewbox=\"0 0 448 512\"><path d=\"M432 256c0 17.69-14.33 32.01-32 32.01H256v144c0 17.69-14.33 31.99-32 31.99s-32-14.3-32-31.99v-144H48c-17.67 0-32-14.32-32-32.01s14.33-31.99 32-31.99H192v-144c0-17.69 14.33-32.01 32-32.01s32 14.32 32 32.01v144h144C417.7 224 432 238.3 432 256z\"><\/path><\/svg><\/span><span class=\"uagb-icon-active uagb-faq-icon-wrap\"><svg xmlns=\"https:\/\/www.w3.org\/2000\/svg\" viewbox=\"0 0 448 512\"><path d=\"M400 288h-352c-17.69 0-32-14.32-32-32.01s14.31-31.99 32-31.99h352c17.69 0 32 14.3 32 31.99S417.7 288 400 288z\"><\/path><\/svg><\/span><span class=\"uagb-question\">In der N\u00e4he meines Hauses befindet sich ein stillgelegtes Grundst\u00fcck oder ein stillgelegtes Schwimmbad, wie wirkt sich das auf das Funktionieren des Systems aus?<\/span><\/div><p class=\"uagb-faq-content\">Ein verlassenes Grundst\u00fcck oder ein verlassener Swimmingpool neben Ihrem Haus ist mit Sicherheit eine Brutst\u00e4tte f\u00fcr M\u00fccken. W\u00fcrden sie in den Kreislauf des Systems eindringen, w\u00fcrden sie automatisch sterben.  <\/p><\/div>\n\n\n\n<div class=\"wp-block-uagb-faq-child uagb-faq-child__outer-wrap uagb-faq-item uagb-block-ba9b57b1\" role=\"tab\" tabindex=\"0\"><div class=\"uagb-faq-questions-button uagb-faq-questions\"><span class=\"uagb-icon uagb-faq-icon-wrap\"><svg xmlns=\"https:\/\/www.w3.org\/2000\/svg\" viewbox=\"0 0 448 512\"><path d=\"M432 256c0 17.69-14.33 32.01-32 32.01H256v144c0 17.69-14.33 31.99-32 31.99s-32-14.3-32-31.99v-144H48c-17.67 0-32-14.32-32-32.01s14.33-31.99 32-31.99H192v-144c0-17.69 14.33-32.01 32-32.01s32 14.32 32 32.01v144h144C417.7 224 432 238.3 432 256z\"><\/path><\/svg><\/span><span class=\"uagb-icon-active uagb-faq-icon-wrap\"><svg xmlns=\"https:\/\/www.w3.org\/2000\/svg\" viewbox=\"0 0 448 512\"><path d=\"M400 288h-352c-17.69 0-32-14.32-32-32.01s14.31-31.99 32-31.99h352c17.69 0 32 14.3 32 31.99S417.7 288 400 288z\"><\/path><\/svg><\/span><span class=\"uagb-question\">Wie viel kostet es, das Insektizid nachzuf\u00fcllen?<\/span><\/div><p class=\"uagb-faq-content\">Das Insektizid f\u00fcr die erste Saison ist im Anschaffungspreis der Ausr\u00fcstung inbegriffen, dann machen wir Ihnen einen Vorschlag f\u00fcr die zweite Saison auf der Grundlage des Verbrauchs im ersten Jahr.<\/p><\/div>\n\n\n\n<div class=\"wp-block-uagb-faq-child uagb-faq-child__outer-wrap uagb-faq-item uagb-block-0943949f\" role=\"tab\" tabindex=\"0\"><div class=\"uagb-faq-questions-button uagb-faq-questions\"><span class=\"uagb-icon uagb-faq-icon-wrap\"><svg xmlns=\"https:\/\/www.w3.org\/2000\/svg\" viewbox=\"0 0 448 512\"><path d=\"M432 256c0 17.69-14.33 32.01-32 32.01H256v144c0 17.69-14.33 31.99-32 31.99s-32-14.3-32-31.99v-144H48c-17.67 0-32-14.32-32-32.01s14.33-31.99 32-31.99H192v-144c0-17.69 14.33-32.01 32-32.01s32 14.32 32 32.01v144h144C417.7 224 432 238.3 432 256z\"><\/path><\/svg><\/span><span class=\"uagb-icon-active uagb-faq-icon-wrap\"><svg xmlns=\"https:\/\/www.w3.org\/2000\/svg\" viewbox=\"0 0 448 512\"><path d=\"M400 288h-352c-17.69 0-32-14.32-32-32.01s14.31-31.99 32-31.99h352c17.69 0 32 14.3 32 31.99S417.7 288 400 288z\"><\/path><\/svg><\/span><span class=\"uagb-question\">Welche Wartung ben\u00f6tigt die Maschine?<\/span><\/div><p class=\"uagb-faq-content\">Die Maschine muss regelm\u00e4\u00dfig mit Insektiziden nachgef\u00fcllt, die Leitungen und D\u00fcsen gereinigt, zu Beginn der Saison in Betrieb genommen und am Ende der Saison abgestellt und entleert werden.  <\/p><\/div>\n\n\n\n<div class=\"wp-block-uagb-faq-child uagb-faq-child__outer-wrap uagb-faq-item uagb-block-73fc2a8b\" role=\"tab\" tabindex=\"0\"><div class=\"uagb-faq-questions-button uagb-faq-questions\"><span class=\"uagb-icon uagb-faq-icon-wrap\"><svg xmlns=\"https:\/\/www.w3.org\/2000\/svg\" viewbox=\"0 0 448 512\"><path d=\"M432 256c0 17.69-14.33 32.01-32 32.01H256v144c0 17.69-14.33 31.99-32 31.99s-32-14.3-32-31.99v-144H48c-17.67 0-32-14.32-32-32.01s14.33-31.99 32-31.99H192v-144c0-17.69 14.33-32.01 32-32.01s32 14.32 32 32.01v144h144C417.7 224 432 238.3 432 256z\"><\/path><\/svg><\/span><span class=\"uagb-icon-active uagb-faq-icon-wrap\"><svg xmlns=\"https:\/\/www.w3.org\/2000\/svg\" viewbox=\"0 0 448 512\"><path d=\"M400 288h-352c-17.69 0-32-14.32-32-32.01s14.31-31.99 32-31.99h352c17.69 0 32 14.3 32 31.99S417.7 288 400 288z\"><\/path><\/svg><\/span><span class=\"uagb-question\">Kann ich das Ger\u00e4t bei einem Umzug mit in die neue Wohnung nehmen?<\/span><\/div><p class=\"uagb-faq-content\">Wenn Sie sich f\u00fcr einen Umzug entscheiden, k\u00f6nnen Sie die Ger\u00e4te problemlos in das neue Haus mitnehmen, f\u00fcr den Ab- und Wiederaufbau wird eine Geb\u00fchr erhoben.  <\/p><\/div>\n\n\n\n<div class=\"wp-block-uagb-faq-child uagb-faq-child__outer-wrap uagb-faq-item uagb-block-449f878c\" role=\"tab\" tabindex=\"0\"><div class=\"uagb-faq-questions-button uagb-faq-questions\"><span class=\"uagb-icon uagb-faq-icon-wrap\"><svg xmlns=\"https:\/\/www.w3.org\/2000\/svg\" viewbox=\"0 0 448 512\"><path d=\"M432 256c0 17.69-14.33 32.01-32 32.01H256v144c0 17.69-14.33 31.99-32 31.99s-32-14.3-32-31.99v-144H48c-17.67 0-32-14.32-32-32.01s14.33-31.99 32-31.99H192v-144c0-17.69 14.33-32.01 32-32.01s32 14.32 32 32.01v144h144C417.7 224 432 238.3 432 256z\"><\/path><\/svg><\/span><span class=\"uagb-icon-active uagb-faq-icon-wrap\"><svg xmlns=\"https:\/\/www.w3.org\/2000\/svg\" viewbox=\"0 0 448 512\"><path d=\"M400 288h-352c-17.69 0-32-14.32-32-32.01s14.31-31.99 32-31.99h352c17.69 0 32 14.3 32 31.99S417.7 288 400 288z\"><\/path><\/svg><\/span><span class=\"uagb-question\">Wenn ich \u00c4nderungen vornehme, kann die Schaltung dann modifiziert werden?<\/span><\/div><p class=\"uagb-faq-content\">Wenn Sie Ihr Haus renovieren, ist es auch m\u00f6glich, die Schaltung des Systems zu \u00e4ndern.  <\/p><\/div>\n<\/div>\n<\/div>\n\n\n\n<div class=\"wp-block-uagb-container uagb-block-591cbb7b\">\n<div class=\"wp-block-uagb-image uagb-block-9646b76c wp-block-uagb-image--layout-default wp-block-uagb-image--effect-static wp-block-uagb-image--align-none\"><figure class=\"wp-block-uagb-image__figure\"><img decoding=\"async\" srcset=\"http:\/\/subdominio.test.mosquitoesolution.com\/wp-content\/uploads\/2023\/07\/IMG_20200525_173444-1-768x1024.jpg \" sizes=\"auto, (max-width: 480px) 150px\" src=\"http:\/\/subdominio.test.mosquitoesolution.com\/wp-content\/uploads\/2023\/07\/IMG_20200525_173444-1-768x1024.jpg\" alt=\"Nebulizador de producto\" class=\"uag-image-1700\" width=\"768\" height=\"1024\" title=\"\" loading=\"lazy\"\/><\/figure><\/div>\n<\/div>\n<\/div>\n<\/div>\n<\/div><\/div>\n\n<div class=\"wp-block-uagb-container uag-blocks-common-selector uagb-block-17a4f742 alignfull uagb-is-root-container\"><div class=\"uagb-container-inner-blocks-wrap\">\n<div class=\"wp-block-uagb-container uagb-block-7c9c19fe\">\n<div class=\"wp-block-uagb-advanced-heading uagb-block-4621ae4c\"><h3 class=\"uagb-heading-text\">Fordern Sie noch heute ein Angebot an<\/h3><\/div>\n\n\n\n<div class=\"wp-block-uagb-container uagb-block-48ef7933\">\n<div class=\"wp-block-uagb-container uagb-block-9323f474\">\n<div class=\"wp-block-uagb-advanced-heading uagb-block-09880a6d\"><h4 class=\"uagb-heading-text\">Erreichen Sie uns<\/h4><\/div>\n\n\n\n<div class=\"wp-block-uagb-advanced-heading uagb-block-11685739\"><h6 class=\"uagb-heading-text\">E-Mail:<\/h6><p class=\"uagb-desc-text\">info@mosquitoesolution.com<\/p><\/div>\n\n\n\n<div class=\"wp-block-uagb-advanced-heading uagb-block-7738f07b\"><h6 class=\"uagb-heading-text\">Telefon:<\/h6><p class=\"uagb-desc-text\"><a rel=\"noreferrer noopener\" href=\"https:\/\/wa.me\/34623162607\" data-type=\"URL\" data-id=\"https:\/\/wa.me\/34623162607\" target=\"_blank\">+34 623 16 26 07<\/a><\/p><\/div>\n<\/div>\n\n\n\n<div class=\"wp-block-uagb-container uagb-block-20fcab45\"><div class=\"wpforms-container wpforms-block wpforms-block-b1226533-78b3-4692-bc11-f40c900b48fb\" id=\"wpforms-2194\"><form id=\"wpforms-form-2194\" class=\"wpforms-validate wpforms-form\" data-formid=\"2194\" method=\"post\" enctype=\"multipart\/form-data\" action=\"\/de\/wp-json\/wp\/v2\/pages\/2221\" data-token=\"bd4112c8e44a0332cb72d25ff06a539f\" data-token-time=\"1777790992\"><noscript class=\"wpforms-error-noscript\">Bitte aktiviere JavaScript in deinem Browser, um dieses Formular fertigzustellen.<\/noscript><div class=\"wpforms-field-container\"><div id=\"wpforms-2194-field_1-container\" class=\"wpforms-field wpforms-field-name\" data-field-id=\"1\"><label class=\"wpforms-field-label wpforms-label-hide\" for=\"wpforms-2194-field_1\">Name   <span class=\"wpforms-required-label\">*<\/span><\/label><div class=\"wpforms-field-row wpforms-field-large\"><div class=\"wpforms-field-row-block wpforms-first wpforms-one-half\"><input type=\"text\" id=\"wpforms-2194-field_1\" class=\"wpforms-field-name-first wpforms-field-required\" name=\"wpforms[fields][1][first]\" placeholder=\"Ihr Name\" required><label for=\"wpforms-2194-field_1\" class=\"wpforms-field-sublabel after wpforms-sublabel-hide\">Vorname<\/label><\/div><div class=\"wpforms-field-row-block wpforms-one-half\"><input type=\"text\" id=\"wpforms-2194-field_1-last\" class=\"wpforms-field-name-last wpforms-field-required\" name=\"wpforms[fields][1][last]\" placeholder=\"Ihr Nachname\" required><label for=\"wpforms-2194-field_1-last\" class=\"wpforms-field-sublabel after wpforms-sublabel-hide\">Nachname<\/label><\/div><\/div><\/div><div id=\"wpforms-2194-field_6-container\" class=\"wpforms-field wpforms-field-email\" data-field-id=\"6\"><label class=\"wpforms-field-label wpforms-label-hide\" for=\"wpforms-2194-field_6\">E-Mail <span class=\"wpforms-required-label\">*<\/span><\/label><input type=\"email\" id=\"wpforms-2194-field_6\" class=\"wpforms-field-large wpforms-field-required\" name=\"wpforms[fields][6]\" placeholder=\"Ihre E-Mail Adresse\" spellcheck=\"false\" required><\/div><div id=\"wpforms-2194-field_2-container\" class=\"wpforms-field wpforms-field-number\" data-field-id=\"2\"><label class=\"wpforms-field-label wpforms-label-hide\" for=\"wpforms-2194-field_2\">Telefone<\/label><input type=\"number\" id=\"wpforms-2194-field_2\" class=\"wpforms-field-large\" name=\"wpforms[fields][2]\" placeholder=\"Kontaktnummer\" step=\"any\" ><\/div><div id=\"wpforms-2194-field_3-container\" class=\"wpforms-field wpforms-field-text\" data-field-id=\"3\"><label class=\"wpforms-field-label wpforms-label-hide\" for=\"wpforms-2194-field_3\">Thema <span class=\"wpforms-required-label\">*<\/span><\/label><input type=\"text\" id=\"wpforms-2194-field_3\" class=\"wpforms-field-large wpforms-field-required\" name=\"wpforms[fields][3]\" placeholder=\"Einzeiliger Text\" required><\/div><div id=\"wpforms-2194-field_4-container\" class=\"wpforms-field wpforms-field-textarea\" data-field-id=\"4\"><label class=\"wpforms-field-label wpforms-label-hide\" for=\"wpforms-2194-field_4\">Text <span class=\"wpforms-required-label\">*<\/span><\/label><textarea id=\"wpforms-2194-field_4\" class=\"wpforms-field-medium wpforms-field-required\" name=\"wpforms[fields][4]\" placeholder=\"Ihre Nachricht\" required><\/textarea><\/div><\/div><!-- .wpforms-field-container --><div class=\"wpforms-submit-container\" ><input type=\"hidden\" name=\"wpforms[id]\" value=\"2194\"><input type=\"hidden\" name=\"page_title\" value=\"\"><input type=\"hidden\" name=\"page_url\" value=\"https:\/\/subdominio.test.mosquitoesolution.com\/de\/wp-json\/wp\/v2\/pages\/2221\"><input type=\"hidden\" name=\"url_referer\" value=\"\"><button type=\"submit\" name=\"wpforms[submit]\" id=\"wpforms-submit-2194\" class=\"wpforms-submit\" data-alt-text=\"Ich schicke...\" data-submit-text=\"Senden Sie\" aria-live=\"assertive\" value=\"wpforms-submit\">Senden Sie<\/button><\/div><\/form><\/div>  <!-- .wpforms-container --><\/div>\n<\/div>\n<\/div>\n<\/div><\/div>\n","protected":false},"excerpt":{"rendered":"<p>H\u00e4ufige Fragen Haben Sie noch Fragen? Dies sind einige der Fragen, die wir regelm\u00e4\u00dfig erhalten. Wenn Sie weitere Fragen haben, wenden Sie sich bitte an uns. Fordern Sie noch heute ein Angebot an Erreichen Sie uns E-Mail: info@mosquitoesolution.com Telefon: +34 623 16 26 07<\/p>\n","protected":false},"author":2,"featured_media":0,"parent":0,"menu_order":0,"comment_status":"closed","ping_status":"closed","template":"","meta":{"_uag_custom_page_level_css":"","site-sidebar-layout":"default","site-content-layout":"page-builder","ast-site-content-layout":"","site-content-style":"default","site-sidebar-style":"default","ast-global-header-display":"","ast-banner-title-visibility":"","ast-main-header-display":"","ast-hfb-above-header-display":"","ast-hfb-below-header-display":"","ast-hfb-mobile-header-display":"","site-post-title":"disabled","ast-breadcrumbs-content":"","ast-featured-img":"","footer-sml-layout":"","theme-transparent-header-meta":"","adv-header-id-meta":"","stick-header-meta":"","header-above-stick-meta":"","header-main-stick-meta":"","header-below-stick-meta":"","astra-migrate-meta-layouts":"","footnotes":""},"class_list":["post-2221","page","type-page","status-publish","hentry"],"uagb_featured_image_src":{"full":false,"thumbnail":false,"medium":false,"medium_large":false,"large":false,"1536x1536":false,"2048x2048":false},"uagb_author_info":{"display_name":"micaelag","author_link":"https:\/\/subdominio.test.mosquitoesolution.com\/de\/author\/micaelag\/"},"uagb_comment_info":0,"uagb_excerpt":"H\u00e4ufige Fragen Haben Sie noch Fragen? Dies sind einige der Fragen, die wir regelm\u00e4\u00dfig erhalten. Wenn Sie weitere Fragen haben, wenden Sie sich bitte an uns. Fordern Sie noch heute ein Angebot an Erreichen Sie uns E-Mail: info@mosquitoesolution.com Telefon: +34 623 16 26 07","_links":{"self":[{"href":"https:\/\/subdominio.test.mosquitoesolution.com\/de\/wp-json\/wp\/v2\/pages\/2221","targetHints":{"allow":["GET"]}}],"collection":[{"href":"https:\/\/subdominio.test.mosquitoesolution.com\/de\/wp-json\/wp\/v2\/pages"}],"about":[{"href":"https:\/\/subdominio.test.mosquitoesolution.com\/de\/wp-json\/wp\/v2\/types\/page"}],"author":[{"embeddable":true,"href":"https:\/\/subdominio.test.mosquitoesolution.com\/de\/wp-json\/wp\/v2\/users\/2"}],"replies":[{"embeddable":true,"href":"https:\/\/subdominio.test.mosquitoesolution.com\/de\/wp-json\/wp\/v2\/comments?post=2221"}],"version-history":[{"count":1,"href":"https:\/\/subdominio.test.mosquitoesolution.com\/de\/wp-json\/wp\/v2\/pages\/2221\/revisions"}],"predecessor-version":[{"id":2251,"href":"https:\/\/subdominio.test.mosquitoesolution.com\/de\/wp-json\/wp\/v2\/pages\/2221\/revisions\/2251"}],"wp:attachment":[{"href":"https:\/\/subdominio.test.mosquitoesolution.com\/de\/wp-json\/wp\/v2\/media?parent=2221"}],"curies":[{"name":"wp","href":"https:\/\/api.w.org\/{rel}","templated":true}]}}