{"id":1373,"date":"2021-06-28T11:13:22","date_gmt":"2021-06-28T11:13:22","guid":{"rendered":"https:\/\/xn--micagarciamuoz-1nb.com.ar\/wpmosquitoes\/home\/"},"modified":"2023-09-26T14:54:30","modified_gmt":"2023-09-26T14:54:30","slug":"home","status":"publish","type":"page","link":"http:\/\/subdominio.test.mosquitoesolution.com\/es\/","title":{"rendered":"Inicio"},"content":{"rendered":"\n<div class=\"wp-block-uagb-container uagb-block-ad3fff5c alignfull uagb-is-root-container\"><div class=\"uagb-container-inner-blocks-wrap\">\n<div class=\"wp-block-uagb-container uagb-block-e8b491b0\">\n<div class=\"wp-block-uagb-info-box uagb-block-96a5de60 uagb-infobox__content-wrap  uagb-infobox-icon-above-title uagb-infobox-image-valign-top\"><div class=\"uagb-ifb-content\"><div class=\"uagb-ifb-title-wrap\"><h1 class=\"uagb-ifb-title\">Desh\u00e1gase del problema de los mosquitos <br>y disfrute su jard\u00edn<\/h1><\/div><\/div><\/div>\n\n\n\n<p class=\"has-ast-global-color-5-color has-text-color\" style=\"font-size:24px\">Tenemos las soluciones para Mallorca<\/p>\n<\/div>\n\n\n\n<div class=\"wp-block-uagb-container uagb-block-669af0a6\">\n<div class=\"wp-block-uagb-advanced-heading uagb-block-56975708\"><h5 class=\"uagb-heading-text\">Solicitar que me contacten<\/h5><p class=\"uagb-desc-text\">Por favor, complete el formulario<\/p><\/div>\n\n\n<div class=\"wpforms-container wpforms-block wpforms-block-b65c9670-6357-479d-b995-8cd433c07b29\" id=\"wpforms-617\"><form id=\"wpforms-form-617\" class=\"wpforms-validate wpforms-form\" data-formid=\"617\" method=\"post\" enctype=\"multipart\/form-data\" action=\"\/es\/wp-json\/wp\/v2\/pages\/1373\" data-token=\"fd9ae1b437de1951d92276a1932047c4\" data-token-time=\"1777784607\"><noscript class=\"wpforms-error-noscript\">Por favor, activa JavaScript en tu navegador para completar este formulario.<\/noscript><div class=\"wpforms-field-container\"><div id=\"wpforms-617-field_1-container\" class=\"wpforms-field wpforms-field-name\" data-field-id=\"1\"><label class=\"wpforms-field-label wpforms-label-hide\" for=\"wpforms-617-field_1\">Nombre  <span class=\"wpforms-required-label\">*<\/span><\/label><input type=\"text\" id=\"wpforms-617-field_1\" class=\"wpforms-field-large wpforms-field-required\" name=\"wpforms[fields][1]\" placeholder=\"Tu nombre\" required><\/div><div id=\"wpforms-617-field_2-container\" class=\"wpforms-field wpforms-field-email\" data-field-id=\"2\"><label class=\"wpforms-field-label wpforms-label-hide\" for=\"wpforms-617-field_2\">Email <span class=\"wpforms-required-label\">*<\/span><\/label><input type=\"email\" id=\"wpforms-617-field_2\" class=\"wpforms-field-large wpforms-field-required\" name=\"wpforms[fields][2]\" placeholder=\"Tu Email\" spellcheck=\"false\" required><\/div><div id=\"wpforms-617-field_3-container\" class=\"wpforms-field wpforms-field-number\" data-field-id=\"3\"><label class=\"wpforms-field-label wpforms-label-hide\" for=\"wpforms-617-field_3\">Tel\u00e9fono<\/label><input type=\"number\" id=\"wpforms-617-field_3\" class=\"wpforms-field-large\" name=\"wpforms[fields][3]\" placeholder=\"N\u00famero de contacto\" step=\"any\" ><\/div><div id=\"wpforms-617-field_4-container\" class=\"wpforms-field wpforms-field-text\" data-field-id=\"4\"><label class=\"wpforms-field-label wpforms-label-hide\" for=\"wpforms-617-field_4\">Asunto <span class=\"wpforms-required-label\">*<\/span><\/label><input type=\"text\" id=\"wpforms-617-field_4\" class=\"wpforms-field-large wpforms-field-required\" name=\"wpforms[fields][4]\" placeholder=\"Objetivo del contacto\" required><\/div><div id=\"wpforms-617-field_5-container\" class=\"wpforms-field wpforms-field-textarea\" data-field-id=\"5\"><label class=\"wpforms-field-label wpforms-label-hide\" for=\"wpforms-617-field_5\">Mensaje <span class=\"wpforms-required-label\">*<\/span><\/label><textarea id=\"wpforms-617-field_5\" class=\"wpforms-field-medium wpforms-field-required\" name=\"wpforms[fields][5]\" placeholder=\"Tu mensaje\" required><\/textarea><\/div><\/div><!-- .wpforms-field-container --><div class=\"wpforms-submit-container\" ><input type=\"hidden\" name=\"wpforms[id]\" value=\"617\"><input type=\"hidden\" name=\"page_title\" value=\"\"><input type=\"hidden\" name=\"page_url\" value=\"http:\/\/subdominio.test.mosquitoesolution.com\/es\/wp-json\/wp\/v2\/pages\/1373\"><input type=\"hidden\" name=\"url_referer\" value=\"\"><button type=\"submit\" name=\"wpforms[submit]\" id=\"wpforms-submit-617\" class=\"wpforms-submit\" data-alt-text=\"Enviando...\" data-submit-text=\"Solicitar llamada\" aria-live=\"assertive\" value=\"wpforms-submit\">Solicitar llamada<\/button><\/div><\/form><\/div>  <!-- .wpforms-container --><\/div>\n<\/div><\/div>\n\n\n\n<div style=\"height:80px\" aria-hidden=\"true\" class=\"wp-block-spacer\"><\/div>\n\n\n\n<div class=\"wp-block-uagb-container uagb-block-b75e8806 alignfull uagb-is-root-container\"><div class=\"uagb-container-inner-blocks-wrap\">\n<div class=\"wp-block-uagb-advanced-heading uagb-block-edc11ea5\"><h2 class=\"uagb-heading-text\">Trabajo de calidad<\/h2><div class=\"uagb-separator\"><\/div><p class=\"uagb-desc-text\">El secreto para tratar el problema de los mosquitos est\u00e1 en c\u00f3mo hacerlo y no en la cantidad de producto a utilizar.<br> Con el objetivo de que usted pueda disfrutar su casa y su jard\u00edn en cualquier \u00e9poca del a\u00f1o trabajamos con productos Pet friendly, Eco friendly, que no afectan a polinizadores, ni a seres humanos de ninguna edad.<\/p><\/div>\n<\/div><\/div>\n\n\n\n<div class=\"wp-block-uagb-container uagb-block-dddd6b83 alignfull uagb-is-root-container\"><div class=\"uagb-container-inner-blocks-wrap\"><\/div><\/div>\n\n\n\n<div class=\"wp-block-uagb-container uagb-block-bacf4aba alignfull uagb-is-root-container\"><div class=\"uagb-container-inner-blocks-wrap\">\n<div class=\"wp-block-uagb-container uagb-block-0c766b76\">\n<div class=\"wp-block-uagb-image aligncenter uagb-block-be88b214 wp-block-uagb-image--layout-default wp-block-uagb-image--effect-static wp-block-uagb-image--align-center\"><figure class=\"wp-block-uagb-image__figure\"><img decoding=\"async\" srcset=\"http:\/\/subdominio.test.mosquitoesolution.com\/wp-content\/uploads\/2023\/05\/campesino-insectos-e1684768111184.jpg , http:\/\/subdominio.test.mosquitoesolution.com\/wp-content\/uploads\/2023\/05\/campesino-insectos-e1684768111184.jpg 360w\" sizes=\"auto, (max-width: 480px) 150px\" src=\"http:\/\/subdominio.test.mosquitoesolution.com\/wp-content\/uploads\/2023\/05\/campesino-insectos-e1684768111184.jpg\" alt=\"Fumigador\" class=\"uag-image-1586\" width=\"540\" height=\"640\" title=\"\" loading=\"lazy\"\/><\/figure><\/div>\n<\/div>\n\n\n\n<div class=\"wp-block-uagb-container uagb-block-42c03c86\">\n<div class=\"wp-block-uagb-advanced-heading uagb-block-0232ab1c\"><h6 class=\"uagb-heading-text\">Es importante elegir productos de calidad y seguir las instrucciones de uso.<\/h6><p class=\"uagb-desc-text\">El mosquito es el m\u00e1s d\u00e9bil de la cadena de insectos, y por eso en nuestros tratamientos, hacemos una especial elecci\u00f3n de productos con baja dosis de aplicaci\u00f3n. <\/p><\/div>\n\n\n\n<div class=\"wp-block-uagb-icon-list uagb-block-5ff66f26\"><div class=\"uagb-icon-list__wrap\">\n<div class=\"wp-block-uagb-icon-list-child uagb-block-933c1e4b\"><span class=\"uagb-icon-list__source-wrap\"><svg xmlns=\"https:\/\/www.w3.org\/2000\/svg\" viewBox=\"0 0 448 512\"><path d=\"M246.6 233.4l-160-160c-12.5-12.5-32.75-12.5-45.25 0s-12.5 32.75 0 45.25L178.8 256l-137.4 137.4c-12.5 12.5-12.5 32.75 0 45.25C47.63 444.9 55.81 448 64 448s16.38-3.125 22.62-9.375l160-160C259.1 266.1 259.1 245.9 246.6 233.4zM438.6 233.4l-160-160c-12.5-12.5-32.75-12.5-45.25 0s-12.5 32.75 0 45.25L370.8 256l-137.4 137.4c-12.5 12.5-12.5 32.75 0 45.25C239.6 444.9 247.8 448 256 448s16.38-3.125 22.62-9.375l160-160C451.1 266.1 451.1 245.9 438.6 233.4z\"><\/path><\/svg><\/span><span class=\"uagb-icon-list__label\">Soluciones temporales<\/span><\/div>\n\n\n\n<div class=\"wp-block-uagb-icon-list-child uagb-block-d9346c11\"><span class=\"uagb-icon-list__source-wrap\"><svg xmlns=\"https:\/\/www.w3.org\/2000\/svg\" viewBox=\"0 0 448 512\"><path d=\"M246.6 233.4l-160-160c-12.5-12.5-32.75-12.5-45.25 0s-12.5 32.75 0 45.25L178.8 256l-137.4 137.4c-12.5 12.5-12.5 32.75 0 45.25C47.63 444.9 55.81 448 64 448s16.38-3.125 22.62-9.375l160-160C259.1 266.1 259.1 245.9 246.6 233.4zM438.6 233.4l-160-160c-12.5-12.5-32.75-12.5-45.25 0s-12.5 32.75 0 45.25L370.8 256l-137.4 137.4c-12.5 12.5-12.5 32.75 0 45.25C239.6 444.9 247.8 448 256 448s16.38-3.125 22.62-9.375l160-160C451.1 266.1 451.1 245.9 438.6 233.4z\"><\/path><\/svg><\/span><span class=\"uagb-icon-list__label\">Soluciones permanentes<\/span><\/div>\n<\/div><\/div>\n\n\n\n<div class=\"wp-block-uagb-buttons uagb-buttons__outer-wrap uagb-btn__default-btn uagb-btn-tablet__default-btn uagb-btn-mobile__default-btn uagb-block-852ff609\"><div class=\"uagb-buttons__wrap uagb-buttons-layout-wrap\">\n<div class=\"wp-block-uagb-buttons-child uagb-buttons__outer-wrap uagb-block-2e7e6d2f wp-block-button\"><div class=\"uagb-button__wrapper\"><a class=\"uagb-buttons-repeater wp-block-button__link\" href=\"services\" onclick=\"return true;\" rel=\"follow noopener\" target=\"_self\"><div class=\"uagb-button__link\">Saber m\u00e1s<\/div><span class=\"uagb-button__icon uagb-button__icon-position-after\"><svg xmlns=\"https:\/\/www.w3.org\/2000\/svg\" viewBox=\"0 0 512 512\"><path d=\"M256 0C114.6 0 0 114.6 0 256c0 141.4 114.6 256 256 256s256-114.6 256-256C512 114.6 397.4 0 256 0zM358.6 278.6l-112 112c-12.5 12.5-32.75 12.5-45.25 0s-12.5-32.75 0-45.25L290.8 256L201.4 166.6c-12.5-12.5-12.5-32.75 0-45.25s32.75-12.5 45.25 0l112 112C364.9 239.6 368 247.8 368 256S364.9 272.4 358.6 278.6z\"><\/path><\/svg><\/span><\/a><\/div><\/div>\n<\/div><\/div>\n<\/div>\n<\/div><\/div>\n\n\n\n<div class=\"wp-block-uagb-container uagb-block-9b9b67e3 alignfull uagb-is-root-container\">\n<div class=\"wp-block-uagb-container uagb-block-6fe24967\">\n<div class=\"wp-block-uagb-info-box uagb-block-23b581bc uagb-infobox__content-wrap  uagb-infobox-icon-above-title uagb-infobox-image-valign-top\"><div class=\"uagb-ifb-content\"><div class=\"uagb-ifb-title-wrap\"><h5 class=\"uagb-ifb-title\">BARRERA<\/h5><\/div><p class=\"uagb-ifb-desc\">Soluci\u00f3n temporal, de no m\u00e1s de 15 d\u00edas, condicionada por el entorno de la casa donde se aplica.<\/p><div class=\"uagb-ifb-button-wrapper wp-block-button\"><a href=\"contact\" class=\"uagb-infobox-cta-link wp-block-button__link\" target=\"_self\" rel=\"noopener noreferrer\" onclick=\"return true;\" alt=\"\"><span class=\"uagb-inline-editing\">Contactanos<\/span><svg xmlns=\"https:\/\/www.w3.org\/2000\/svg\" viewBox=\"0 0 512 512\"><path d=\"M256 0C114.6 0 0 114.6 0 256c0 141.4 114.6 256 256 256s256-114.6 256-256C512 114.6 397.4 0 256 0zM358.6 278.6l-112 112c-12.5 12.5-32.75 12.5-45.25 0s-12.5-32.75 0-45.25L290.8 256L201.4 166.6c-12.5-12.5-12.5-32.75 0-45.25s32.75-12.5 45.25 0l112 112C364.9 239.6 368 247.8 368 256S364.9 272.4 358.6 278.6z\"><\/path><\/svg><\/a><\/div><\/div><\/div>\n<\/div>\n\n\n\n<div class=\"wp-block-uagb-container uagb-block-20a80952\">\n<div class=\"wp-block-uagb-info-box uagb-block-ce286aad uagb-infobox__content-wrap  uagb-infobox-icon-above-title uagb-infobox-image-valign-top\"><div class=\"uagb-ifb-content\"><div class=\"uagb-ifb-title-wrap\"><h5 class=\"uagb-ifb-title\">AUTOMATIZACIONES<\/h5><\/div><p class=\"uagb-ifb-desc\">Soluci\u00f3n permanente e ideal para cualquier casa hotel, restaurante o negocio.<\/p><div class=\"uagb-ifb-button-wrapper wp-block-button\"><a href=\"contact\" class=\"uagb-infobox-cta-link wp-block-button__link\" target=\"_self\" rel=\"noopener noreferrer\" onclick=\"return true;\" alt=\"\"><span class=\"uagb-inline-editing\">Contactanos<\/span><svg xmlns=\"https:\/\/www.w3.org\/2000\/svg\" viewBox=\"0 0 512 512\"><path d=\"M256 0C114.6 0 0 114.6 0 256c0 141.4 114.6 256 256 256s256-114.6 256-256C512 114.6 397.4 0 256 0zM358.6 278.6l-112 112c-12.5 12.5-32.75 12.5-45.25 0s-12.5-32.75 0-45.25L290.8 256L201.4 166.6c-12.5-12.5-12.5-32.75 0-45.25s32.75-12.5 45.25 0l112 112C364.9 239.6 368 247.8 368 256S364.9 272.4 358.6 278.6z\"><\/path><\/svg><\/a><\/div><\/div><\/div>\n<\/div>\n<\/div>\n\n\n\n<div class=\"wp-block-uagb-container uagb-block-80227a9d alignfull uagb-is-root-container\"><div class=\"uagb-container-inner-blocks-wrap\">\n<div class=\"wp-block-uagb-container uagb-block-00970e61\">\n<div class=\"wp-block-uagb-advanced-heading uagb-block-fcb0a250\"><h3 class=\"uagb-heading-text\">\u00bfPor qu\u00e9 elegirnos?<\/h3><p class=\"uagb-desc-text\">Nuestros tratamientos est\u00e1n enfocados principalmente a la protecci\u00f3n de su familia ante el problema de los mosquitos<\/p><\/div>\n<\/div>\n\n\n\n<div class=\"wp-block-uagb-container uagb-block-42fc961c\">\n<div class=\"wp-block-uagb-info-box uagb-block-5bc0d01d uagb-infobox__content-wrap  uagb-infobox-icon-above-title uagb-infobox-image-valign-top\"><div class=\"uagb-ifb-content\"><div class=\"uagb-ifb-icon-wrap\"><svg xmlns=\"https:\/\/www.w3.org\/2000\/svg\" viewBox=\"0 0 512 512\"><path d=\"M256-.0078C260.7-.0081 265.2 1.008 269.4 2.913L457.7 82.79C479.7 92.12 496.2 113.8 496 139.1C495.5 239.2 454.7 420.7 282.4 503.2C265.7 511.1 246.3 511.1 229.6 503.2C57.25 420.7 16.49 239.2 15.1 139.1C15.87 113.8 32.32 92.12 54.3 82.79L242.7 2.913C246.8 1.008 251.4-.0081 256-.0078V-.0078zM256 444.8C393.1 378 431.1 230.1 432 141.4L256 66.77L256 444.8z\"><\/path><\/svg><\/div><div class=\"uagb-ifb-title-wrap\"><h6 class=\"uagb-ifb-title\">Seguridad y protecci\u00f3n<\/h6><\/div><p class=\"uagb-ifb-desc\">Utilizamos productos de origen natural, en proporciones justas y necesarias, sin ning\u00fan tipo de riesgo para personas o mascotas.<\/p><div class=\"uagb-ifb-button-wrapper wp-block-button\"><a href=\"about-us\" class=\"uagb-infobox-cta-link wp-block-button__link\" target=\"_self\" rel=\"noopener noreferrer\" onclick=\"return true;\" alt=\"\"><span class=\"uagb-inline-editing\">Leer m\u00e1s<\/span><svg xmlns=\"https:\/\/www.w3.org\/2000\/svg\" viewBox=\"0 0 448 512\"><path d=\"M246.6 233.4l-160-160c-12.5-12.5-32.75-12.5-45.25 0s-12.5 32.75 0 45.25L178.8 256l-137.4 137.4c-12.5 12.5-12.5 32.75 0 45.25C47.63 444.9 55.81 448 64 448s16.38-3.125 22.62-9.375l160-160C259.1 266.1 259.1 245.9 246.6 233.4zM438.6 233.4l-160-160c-12.5-12.5-32.75-12.5-45.25 0s-12.5 32.75 0 45.25L370.8 256l-137.4 137.4c-12.5 12.5-12.5 32.75 0 45.25C239.6 444.9 247.8 448 256 448s16.38-3.125 22.62-9.375l160-160C451.1 266.1 451.1 245.9 438.6 233.4z\"><\/path><\/svg><\/a><\/div><\/div><\/div>\n<\/div>\n\n\n\n<div class=\"wp-block-uagb-container uagb-block-57621de6\">\n<div class=\"wp-block-uagb-info-box uagb-block-e69df585 uagb-infobox__content-wrap  uagb-infobox-icon-above-title uagb-infobox-image-valign-top\"><div class=\"uagb-ifb-content\"><div class=\"uagb-ifb-icon-wrap\"><svg xmlns=\"https:\/\/www.w3.org\/2000\/svg\" viewBox=\"0 0 512 512\"><path d=\"M256-.0078C260.7-.0081 265.2 1.008 269.4 2.913L457.7 82.79C479.7 92.12 496.2 113.8 496 139.1C495.5 239.2 454.7 420.7 282.4 503.2C265.7 511.1 246.3 511.1 229.6 503.2C57.25 420.7 16.49 239.2 15.1 139.1C15.87 113.8 32.32 92.12 54.3 82.79L242.7 2.913C246.8 1.008 251.4-.0081 256-.0078V-.0078zM256 444.8C393.1 378 431.1 230.1 432 141.4L256 66.77L256 444.8z\"><\/path><\/svg><\/div><div class=\"uagb-ifb-title-wrap\"><h6 class=\"uagb-ifb-title\">Asistencia t\u00e9cnica 24&#215;7<\/h6><\/div><p class=\"uagb-ifb-desc\">Nuestro tel\u00e9fono recibe consultas las 24 hs.<br>Nuestros clientes siempre est\u00e1n asesorados y respondemos tanto por tel\u00e9fono como por mail.<\/p><div class=\"uagb-ifb-button-wrapper wp-block-button\"><a href=\"about-us\" class=\"uagb-infobox-cta-link wp-block-button__link\" target=\"_self\" rel=\"noopener noreferrer\" onclick=\"return true;\" alt=\"\"><span class=\"uagb-inline-editing\">Leer m\u00e1s<\/span><svg xmlns=\"https:\/\/www.w3.org\/2000\/svg\" viewBox=\"0 0 448 512\"><path d=\"M246.6 233.4l-160-160c-12.5-12.5-32.75-12.5-45.25 0s-12.5 32.75 0 45.25L178.8 256l-137.4 137.4c-12.5 12.5-12.5 32.75 0 45.25C47.63 444.9 55.81 448 64 448s16.38-3.125 22.62-9.375l160-160C259.1 266.1 259.1 245.9 246.6 233.4zM438.6 233.4l-160-160c-12.5-12.5-32.75-12.5-45.25 0s-12.5 32.75 0 45.25L370.8 256l-137.4 137.4c-12.5 12.5-12.5 32.75 0 45.25C239.6 444.9 247.8 448 256 448s16.38-3.125 22.62-9.375l160-160C451.1 266.1 451.1 245.9 438.6 233.4z\"><\/path><\/svg><\/a><\/div><\/div><\/div>\n<\/div>\n\n\n\n<div class=\"wp-block-uagb-container uagb-block-4dcec229\">\n<div class=\"wp-block-uagb-info-box uagb-block-78b5f58a uagb-infobox__content-wrap  uagb-infobox-icon-above-title uagb-infobox-image-valign-top\"><div class=\"uagb-ifb-content\"><div class=\"uagb-ifb-icon-wrap\"><svg xmlns=\"https:\/\/www.w3.org\/2000\/svg\" viewBox=\"0 0 512 512\"><path d=\"M256-.0078C260.7-.0081 265.2 1.008 269.4 2.913L457.7 82.79C479.7 92.12 496.2 113.8 496 139.1C495.5 239.2 454.7 420.7 282.4 503.2C265.7 511.1 246.3 511.1 229.6 503.2C57.25 420.7 16.49 239.2 15.1 139.1C15.87 113.8 32.32 92.12 54.3 82.79L242.7 2.913C246.8 1.008 251.4-.0081 256-.0078V-.0078zM256 444.8C393.1 378 431.1 230.1 432 141.4L256 66.77L256 444.8z\"><\/path><\/svg><\/div><div class=\"uagb-ifb-title-wrap\"><h6 class=\"uagb-ifb-title\">Costos acordes a las necesidades<\/h6><\/div><p class=\"uagb-ifb-desc\">Buscamos la soluci\u00f3n m\u00e1s conveniente para cada instalaci\u00f3n o fumigaci\u00f3n y cada una presenta sus caracter\u00edsticas t\u00e9cnicas. Eso se traslada a lo econ\u00f3mico.<\/p><div class=\"uagb-ifb-button-wrapper wp-block-button\"><a href=\"about-us\" class=\"uagb-infobox-cta-link wp-block-button__link\" target=\"_self\" rel=\"noopener noreferrer\" onclick=\"return true;\" alt=\"\"><span class=\"uagb-inline-editing\">Leer m\u00e1s<\/span><svg xmlns=\"https:\/\/www.w3.org\/2000\/svg\" viewBox=\"0 0 448 512\"><path d=\"M246.6 233.4l-160-160c-12.5-12.5-32.75-12.5-45.25 0s-12.5 32.75 0 45.25L178.8 256l-137.4 137.4c-12.5 12.5-12.5 32.75 0 45.25C47.63 444.9 55.81 448 64 448s16.38-3.125 22.62-9.375l160-160C259.1 266.1 259.1 245.9 246.6 233.4zM438.6 233.4l-160-160c-12.5-12.5-32.75-12.5-45.25 0s-12.5 32.75 0 45.25L370.8 256l-137.4 137.4c-12.5 12.5-12.5 32.75 0 45.25C239.6 444.9 247.8 448 256 448s16.38-3.125 22.62-9.375l160-160C451.1 266.1 451.1 245.9 438.6 233.4z\"><\/path><\/svg><\/a><\/div><\/div><\/div>\n<\/div>\n<\/div><\/div>\n\n\n\n<div class=\"wp-block-uagb-container uag-blocks-common-selector uagb-block-d12f922a alignfull uagb-is-root-container\"><div class=\"uagb-container-inner-blocks-wrap\">\n<div class=\"wp-block-uagb-container uagb-block-6e3d8157\">\n<div class=\"wp-block-uagb-advanced-heading uagb-block-cb9d7c43\"><h3 class=\"uagb-heading-text\">Solicite una cotizaci\u00f3n hoy<\/h3><\/div>\n\n\n\n<div class=\"wp-block-uagb-container uagb-block-8e342eb3\">\n<div class=\"wp-block-uagb-container uagb-block-de496c57\">\n<div class=\"wp-block-uagb-advanced-heading uagb-block-a6b8b79c\"><h4 class=\"uagb-heading-text\">Llegue a nosotros<\/h4><\/div>\n\n\n\n<div class=\"wp-block-uagb-advanced-heading uagb-block-7bde025f\"><h6 class=\"uagb-heading-text\">Email :<\/h6><p class=\"uagb-desc-text\">info@mosquitoesolution.com<\/p><\/div>\n\n\n\n<div class=\"wp-block-uagb-advanced-heading uagb-block-915b2fc0\"><h6 class=\"uagb-heading-text\">Tel\u00e9fono:<\/h6><p class=\"uagb-desc-text\"><a href=\"https:\/\/wa.me\/34623162607\" data-type=\"URL\" data-id=\"https:\/\/wa.me\/34623162607\" target=\"_blank\" rel=\"noreferrer noopener\">+34 623 16 26 07<\/a><\/p><\/div>\n<\/div>\n\n\n\n<div class=\"wp-block-uagb-container uagb-block-57a1d6ab\"><div class=\"wpforms-container wpforms-block wpforms-block-bf56a408-563d-443f-b1dd-8be29a535ef6\" id=\"wpforms-2194\"><form id=\"wpforms-form-2194\" class=\"wpforms-validate wpforms-form\" data-formid=\"2194\" method=\"post\" enctype=\"multipart\/form-data\" action=\"\/es\/wp-json\/wp\/v2\/pages\/1373\" data-token=\"bd4112c8e44a0332cb72d25ff06a539f\" data-token-time=\"1777784607\"><noscript class=\"wpforms-error-noscript\">Por favor, activa JavaScript en tu navegador para completar este formulario.<\/noscript><div class=\"wpforms-field-container\"><div id=\"wpforms-2194-field_1-container\" class=\"wpforms-field wpforms-field-name\" data-field-id=\"1\"><label class=\"wpforms-field-label wpforms-label-hide\" for=\"wpforms-2194-field_1\">Nombre  <span class=\"wpforms-required-label\">*<\/span><\/label><div class=\"wpforms-field-row wpforms-field-large\"><div class=\"wpforms-field-row-block wpforms-first wpforms-one-half\"><input type=\"text\" id=\"wpforms-2194-field_1\" class=\"wpforms-field-name-first wpforms-field-required\" name=\"wpforms[fields][1][first]\" placeholder=\"Tu nombre\" required><label for=\"wpforms-2194-field_1\" class=\"wpforms-field-sublabel after wpforms-sublabel-hide\">Nombre<\/label><\/div><div class=\"wpforms-field-row-block wpforms-one-half\"><input type=\"text\" id=\"wpforms-2194-field_1-last\" class=\"wpforms-field-name-last wpforms-field-required\" name=\"wpforms[fields][1][last]\" placeholder=\"Tu apellido\" required><label for=\"wpforms-2194-field_1-last\" class=\"wpforms-field-sublabel after wpforms-sublabel-hide\">Apellidos<\/label><\/div><\/div><\/div><div id=\"wpforms-2194-field_6-container\" class=\"wpforms-field wpforms-field-email\" data-field-id=\"6\"><label class=\"wpforms-field-label wpforms-label-hide\" for=\"wpforms-2194-field_6\">Email <span class=\"wpforms-required-label\">*<\/span><\/label><input type=\"email\" id=\"wpforms-2194-field_6\" class=\"wpforms-field-large wpforms-field-required\" name=\"wpforms[fields][6]\" placeholder=\"Tu email\" spellcheck=\"false\" required><\/div><div id=\"wpforms-2194-field_2-container\" class=\"wpforms-field wpforms-field-number\" data-field-id=\"2\"><label class=\"wpforms-field-label wpforms-label-hide\" for=\"wpforms-2194-field_2\">Tel\u00e9fonos<\/label><input type=\"number\" id=\"wpforms-2194-field_2\" class=\"wpforms-field-large\" name=\"wpforms[fields][2]\" placeholder=\"N\u00famero de contacto\" step=\"any\" ><\/div><div id=\"wpforms-2194-field_3-container\" class=\"wpforms-field wpforms-field-text\" data-field-id=\"3\"><label class=\"wpforms-field-label wpforms-label-hide\" for=\"wpforms-2194-field_3\">Asunto <span class=\"wpforms-required-label\">*<\/span><\/label><input type=\"text\" id=\"wpforms-2194-field_3\" class=\"wpforms-field-large wpforms-field-required\" name=\"wpforms[fields][3]\" placeholder=\"Texto de una l\u00ednea\" required><\/div><div id=\"wpforms-2194-field_4-container\" class=\"wpforms-field wpforms-field-textarea\" data-field-id=\"4\"><label class=\"wpforms-field-label wpforms-label-hide\" for=\"wpforms-2194-field_4\">Texto <span class=\"wpforms-required-label\">*<\/span><\/label><textarea id=\"wpforms-2194-field_4\" class=\"wpforms-field-medium wpforms-field-required\" name=\"wpforms[fields][4]\" placeholder=\"Tu mensaje\" required><\/textarea><\/div><\/div><!-- .wpforms-field-container --><div class=\"wpforms-submit-container\" ><input type=\"hidden\" name=\"wpforms[id]\" value=\"2194\"><input type=\"hidden\" name=\"page_title\" value=\"\"><input type=\"hidden\" name=\"page_url\" value=\"http:\/\/subdominio.test.mosquitoesolution.com\/es\/wp-json\/wp\/v2\/pages\/1373\"><input type=\"hidden\" name=\"url_referer\" value=\"\"><button type=\"submit\" name=\"wpforms[submit]\" id=\"wpforms-submit-2194\" class=\"wpforms-submit\" data-alt-text=\"Enviando...\" data-submit-text=\"Enviar\" aria-live=\"assertive\" value=\"wpforms-submit\">Enviar<\/button><\/div><\/form><\/div>  <!-- .wpforms-container --><\/div>\n<\/div>\n<\/div>\n<\/div><\/div>\n","protected":false},"excerpt":{"rendered":"<p>Tenemos las soluciones para Mallorca Solicitar que me contacten Por favor, complete el formulario Trabajo de calidad El secreto para tratar el problema de los mosquitos est\u00e1 en c\u00f3mo hacerlo y no en la cantidad de producto a utilizar. Con el objetivo de que usted pueda disfrutar su casa y su jard\u00edn en cualquier \u00e9poca &hellip;<\/p>\n<p class=\"read-more\"> <a class=\"\" href=\"http:\/\/subdominio.test.mosquitoesolution.com\/es\/\"> <span class=\"screen-reader-text\">Inicio<\/span> Leer m\u00e1s &raquo;<\/a><\/p>\n","protected":false},"author":2,"featured_media":0,"parent":0,"menu_order":0,"comment_status":"closed","ping_status":"closed","template":"","meta":{"_uag_custom_page_level_css":"","site-sidebar-layout":"no-sidebar","site-content-layout":"page-builder","ast-site-content-layout":"full-width-container","site-content-style":"unboxed","site-sidebar-style":"unboxed","ast-global-header-display":"","ast-banner-title-visibility":"","ast-main-header-display":"","ast-hfb-above-header-display":"","ast-hfb-below-header-display":"","ast-hfb-mobile-header-display":"","site-post-title":"disabled","ast-breadcrumbs-content":"","ast-featured-img":"disabled","footer-sml-layout":"","theme-transparent-header-meta":"default","adv-header-id-meta":"","stick-header-meta":"","header-above-stick-meta":"","header-main-stick-meta":"","header-below-stick-meta":"","astra-migrate-meta-layouts":"set","footnotes":""},"class_list":["post-1373","page","type-page","status-publish","hentry"],"uagb_featured_image_src":{"full":false,"thumbnail":false,"medium":false,"medium_large":false,"large":false,"1536x1536":false,"2048x2048":false},"uagb_author_info":{"display_name":"micaelag","author_link":"http:\/\/subdominio.test.mosquitoesolution.com\/es\/author\/micaelag\/"},"uagb_comment_info":0,"uagb_excerpt":"Tenemos las soluciones para Mallorca Solicitar que me contacten Por favor, complete el formulario Trabajo de calidad El secreto para tratar el problema de los mosquitos est\u00e1 en c\u00f3mo hacerlo y no en la cantidad de producto a utilizar. Con el objetivo de que usted pueda disfrutar su casa y su jard\u00edn en cualquier \u00e9poca&hellip;","_links":{"self":[{"href":"http:\/\/subdominio.test.mosquitoesolution.com\/es\/wp-json\/wp\/v2\/pages\/1373","targetHints":{"allow":["GET"]}}],"collection":[{"href":"http:\/\/subdominio.test.mosquitoesolution.com\/es\/wp-json\/wp\/v2\/pages"}],"about":[{"href":"http:\/\/subdominio.test.mosquitoesolution.com\/es\/wp-json\/wp\/v2\/types\/page"}],"author":[{"embeddable":true,"href":"http:\/\/subdominio.test.mosquitoesolution.com\/es\/wp-json\/wp\/v2\/users\/2"}],"replies":[{"embeddable":true,"href":"http:\/\/subdominio.test.mosquitoesolution.com\/es\/wp-json\/wp\/v2\/comments?post=1373"}],"version-history":[{"count":65,"href":"http:\/\/subdominio.test.mosquitoesolution.com\/es\/wp-json\/wp\/v2\/pages\/1373\/revisions"}],"predecessor-version":[{"id":2286,"href":"http:\/\/subdominio.test.mosquitoesolution.com\/es\/wp-json\/wp\/v2\/pages\/1373\/revisions\/2286"}],"wp:attachment":[{"href":"http:\/\/subdominio.test.mosquitoesolution.com\/es\/wp-json\/wp\/v2\/media?parent=1373"}],"curies":[{"name":"wp","href":"https:\/\/api.w.org\/{rel}","templated":true}]}}